{"id":948,"date":"2016-03-11T14:21:52","date_gmt":"2016-03-11T13:21:52","guid":{"rendered":"http:\/\/www.binkl.hu\/deltatrade\/?page_id=948"},"modified":"2024-11-21T10:19:35","modified_gmt":"2024-11-21T09:19:35","slug":"periferias-berendezesek","status":"publish","type":"page","link":"https:\/\/www.deltatrade.eu\/?page_id=948","title":{"rendered":"Perif\u00e9ri\u00e1s berendez\u00e9sek"},"content":{"rendered":"<p>[vc_row][vc_column width=&#8221;1\/3&#8243;][vc_column_text]<strong>Csavarkompresszor<br \/>\n<\/strong><\/p>\n<p>Fel\u00faj\u00edtott \u00fajszer\u0171 \u00e1llapotban<\/p>\n<p>Gy\u00e1rtm\u00e1ny: Mattei<\/p>\n<p>Gy\u00e1rt\u00e1si \u00e9v: 2011<\/p>\n<p>Teljes\u00edtm\u00e9ny: 3750 l\/min<\/p>\n<p>\u00c1r: 1,5 milli\u00f3 Ft + \u00c1FA[\/vc_column_text][\/vc_column][vc_column width=&#8221;2\/3&#8243;][vc_images_carousel images=&#8221;2108,2110&#8243; img_size=&#8221;640&#215;480&#8243; autoplay=&#8221;yes&#8221; wrap=&#8221;yes&#8221;][\/vc_column][\/vc_row][vc_row][vc_column width=&#8221;2\/3&#8243;][vc_images_carousel images=&#8221;2000,2004,2002&#8243; img_size=&#8221;640&#215;480&#8243; autoplay=&#8221;yes&#8221; wrap=&#8221;yes&#8221;][\/vc_column][vc_column width=&#8221;1\/3&#8243;][vc_column_text]<strong>EREMA regranul\u00e1l\u00f3 g\u00e9p<br \/>\n<\/strong><\/p>\n<p>T\u00edpus: HG 80\/1000<\/p>\n<p>Gy\u00e1rt\u00e1si \u00e9v: 2002[\/vc_column_text][\/vc_column][\/vc_row][vc_row][vc_column width=&#8221;1\/3&#8243;][vc_column_text]<strong>GREENMAX MC50-E olvaszt\u00f3 brikett\u00e1l\u00f3 g\u00e9p<br \/>\n<\/strong><\/p>\n<p>Gy\u00e1rt\u00e1si \u00e9v: 2020, keveset haszn\u00e1lt<\/p>\n<p>Hasznos\u00edthat\u00f3 anyagok:<\/p>\n<ul>\n<li>expand\u00e1lt polisztirol, polietil\u00e9n, poliproplil\u00e9n<\/li>\n<li>extrud\u00e1lt polisztirol<\/li>\n<li>PSP\/PS pap\u00edr<\/li>\n<\/ul>\n<p>Bet\u00f6lt\u0151ny\u00edl\u00e1s: 800 x 525 mm<\/p>\n<p>Teljes\u00edtm\u00e9ny: max. 50 kg\/h[\/vc_column_text][\/vc_column][vc_column width=&#8221;2\/3&#8243;][vc_images_carousel images=&#8221;2100,2104,2102&#8243; img_size=&#8221;640&#215;480&#8243; autoplay=&#8221;yes&#8221; wrap=&#8221;yes&#8221;][\/vc_column][\/vc_row][vc_row][vc_column width=&#8221;2\/3&#8243;][vc_images_carousel images=&#8221;1901,1903,1905,1907&#8243; img_size=&#8221;640&#215;480&#8243; autoplay=&#8221;yes&#8221; wrap=&#8221;yes&#8221;][\/vc_column][vc_column width=&#8221;1\/3&#8243;][vc_column_text]<strong>Sztreccsf\u00f3lia \u00e1ttekercsel\u0151 g\u00e9p k\u00e9zi tekercsv\u00e1lt\u00e1ssal<\/strong><\/p>\n<p>&nbsp;<\/p>\n<p>A g\u00e9p gy\u00e1ri \u00faj \u00e1llapotban van, a be\u00fczemel\u00e9s ut\u00e1n nem haszn\u00e1lt\u00e1k.[\/vc_column_text][\/vc_column][\/vc_row][vc_row][vc_column width=&#8221;1\/3&#8243;][vc_column_text]<strong>LEVEG\u0150S K\u00c9ZI STANCOL\u00d3<\/strong><\/p>\n<p>&nbsp;<\/p>\n<p>M\u0171k\u00f6d\u00e9s k\u00f6zben megtekinthet\u0151<\/p>\n<p>1 db munkahenger<\/p>\n<p>K\u00e9t gombos ind\u00edt\u00e1s<\/p>\n<p>\u00c1r: 150.000 Ft[\/vc_column_text][\/vc_column][vc_column width=&#8221;2\/3&#8243;][vc_images_carousel images=&#8221;1474,1476&#8243; img_size=&#8221;400&#215;600&#8243; autoplay=&#8221;yes&#8221; wrap=&#8221;yes&#8221;][\/vc_column][\/vc_row][vc_row][vc_column width=&#8221;2\/3&#8243;][vc_images_carousel images=&#8221;1844,1846,1848,1850,1852,1854,1856,1858,1860&#8243; img_size=&#8221;640 x 480&#8243;][\/vc_column][vc_column width=&#8221;1\/3&#8243;][vc_column_text]<strong>Minigrip profil gy\u00e1rt\u00f3 \u00e9s hegeszt\u0151 g\u00e9p<\/strong><\/p>\n<p>&nbsp;<\/p>\n<p>Gy\u00e1rtm\u00e1ny: MI Plast<\/p>\n<p>Gy\u00e1rt\u00e1si \u00e9v: 2000<\/p>\n<p>&nbsp;[\/vc_column_text][\/vc_column][\/vc_row][vc_row][vc_column width=&#8221;1\/3&#8243;][vc_column_text]<strong>Quick pack group Twin 140 INOX k\u00e9szterm\u00e9k csomagol\u00f3g\u00e9p<\/strong><\/p>\n<p>F\u00fcgg\u0151leges elrendez\u00e9s\u0171<\/p>\n<p>&nbsp;[\/vc_column_text][\/vc_column][vc_column width=&#8221;2\/3&#8243;][vc_images_carousel images=&#8221;1879,1881&#8243; img_size=&#8221;640&#215;480&#8243; autoplay=&#8221;yes&#8221; wrap=&#8221;yes&#8221;][\/vc_column][\/vc_row][vc_row][vc_column width=&#8221;2\/3&#8243;][vc_images_carousel images=&#8221;1884,1886,1888,1890&#8243; img_size=&#8221;640 x 480&#8243; autoplay=&#8221;yes&#8221; wrap=&#8221;yes&#8221;][\/vc_column][vc_column width=&#8221;1\/3&#8243;][vc_column_text]<strong>Ilapak Italia SMART k\u00e9szterm\u00e9k csomagol\u00f3g\u00e9p<\/strong><\/p>\n<p>V\u00edzszintes elrendez\u00e9s\u0171[\/vc_column_text][\/vc_column][\/vc_row]<\/p>\n","protected":false},"excerpt":{"rendered":"<p>[vc_row][vc_column width=&#8221;1\/3&#8243;][vc_column_text]Csavarkompresszor Fel\u00faj\u00edtott \u00fajszer\u0171 \u00e1llapotban Gy\u00e1rtm\u00e1ny: Mattei Gy\u00e1rt\u00e1si \u00e9v: 2011 Teljes\u00edtm\u00e9ny: 3750 l\/min \u00c1r: 1,5 milli\u00f3 Ft + \u00c1FA[\/vc_column_text][\/vc_column][vc_column width=&#8221;2\/3&#8243;][vc_images_carousel images=&#8221;2108,2110&#8243; img_size=&#8221;640&#215;480&#8243; autoplay=&#8221;yes&#8221; wrap=&#8221;yes&#8221;][\/vc_column][\/vc_row][vc_row][vc_column width=&#8221;2\/3&#8243;][vc_images_carousel images=&#8221;2000,2004,2002&#8243; [&hellip;]<\/p>\n","protected":false},"author":2,"featured_media":0,"parent":0,"menu_order":0,"comment_status":"closed","ping_status":"closed","template":"","meta":[],"_links":{"self":[{"href":"https:\/\/www.deltatrade.eu\/index.php?rest_route=\/wp\/v2\/pages\/948"}],"collection":[{"href":"https:\/\/www.deltatrade.eu\/index.php?rest_route=\/wp\/v2\/pages"}],"about":[{"href":"https:\/\/www.deltatrade.eu\/index.php?rest_route=\/wp\/v2\/types\/page"}],"author":[{"embeddable":true,"href":"https:\/\/www.deltatrade.eu\/index.php?rest_route=\/wp\/v2\/users\/2"}],"replies":[{"embeddable":true,"href":"https:\/\/www.deltatrade.eu\/index.php?rest_route=%2Fwp%2Fv2%2Fcomments&post=948"}],"version-history":[{"count":37,"href":"https:\/\/www.deltatrade.eu\/index.php?rest_route=\/wp\/v2\/pages\/948\/revisions"}],"predecessor-version":[{"id":2112,"href":"https:\/\/www.deltatrade.eu\/index.php?rest_route=\/wp\/v2\/pages\/948\/revisions\/2112"}],"wp:attachment":[{"href":"https:\/\/www.deltatrade.eu\/index.php?rest_route=%2Fwp%2Fv2%2Fmedia&parent=948"}],"curies":[{"name":"wp","href":"https:\/\/api.w.org\/{rel}","templated":true}]}}