{"id":894,"date":"2016-03-11T08:04:00","date_gmt":"2016-03-11T07:04:00","guid":{"rendered":"http:\/\/www.binkl.hu\/deltatrade\/?page_id=894"},"modified":"2024-04-30T11:00:04","modified_gmt":"2024-04-30T09:00:04","slug":"hasznalt-extruderek","status":"publish","type":"page","link":"https:\/\/www.deltatrade.eu\/?page_id=894","title":{"rendered":"Haszn\u00e1lt extruderek"},"content":{"rendered":"<p>[vc_row][vc_column width=&#8221;1\/3&#8243;][\/vc_column][vc_column width=&#8221;2\/3&#8243;][\/vc_column][\/vc_row][vc_row][vc_column width=&#8221;2\/3&#8243;][vc_column_text]<strong>QUEEN&#8217;S EP-45<\/strong><strong> extruder HDPE feldolgoz\u00e1sra<br \/>\n<\/strong><\/p>\n<p>Gy\u00e1rt\u00e1si \u00e9v: 1997<\/p>\n<p>T\u00f6ml\u0151sz\u00e9less\u00e9g: max. 600 mm<\/p>\n<p>Tartoz\u00e9kok: Pr\u00e9gel\u0151, m\u00e9ter sz\u00e1ml\u00e1l\u00f3, red\u0151z\u0151 lap\u00e1t, ballon figyel\u0151, oldal nyit\u00f3 k\u00e9sek<\/p>\n<p>A g\u00e9p m\u0171k\u00f6d\u00e9s k\u00f6zben megtekinthet\u0151[\/vc_column_text][\/vc_column][vc_column width=&#8221;1\/3&#8243;][vc_images_carousel images=&#8221;2035,2037,2039,2033&#8243; img_size=&#8221;480&#215;640&#8243; autoplay=&#8221;yes&#8221;][\/vc_column][\/vc_row][vc_row][vc_column width=&#8221;1\/3&#8243;][vc_images_carousel images=&#8221;1269,1271,1273,1275,1277&#8243; img_size=&#8221;480&#215;640&#8243; autoplay=&#8221;yes&#8221;][\/vc_column][vc_column width=&#8221;2\/3&#8243;][vc_column_text]<\/p>\n<p style=\"text-align: right;\"><strong>TAM cs\u00edkos extruder<\/strong><\/p>\n<p style=\"text-align: right;\">HDPE feldolgoz\u00e1s\u00e1ra<\/p>\n<p style=\"text-align: right;\">Gy\u00e1rt\u00e1si \u00e9v: 1992<\/p>\n<p style=\"text-align: right;\">Szersz\u00e1m: 50 mm<\/p>\n<p style=\"text-align: right;\">Felh\u00faz\u00f3 sz\u00e9less\u00e9ge: 1100 mm<\/p>\n<p style=\"text-align: right;\">2 db 11KW inverteres f\u0151motor<\/p>\n<p style=\"text-align: right;\">Rendszeresen karbantartott g\u00e9p<\/p>\n<p style=\"text-align: right;\">\u00c1r: 15.000 EUR<\/p>\n<p>&nbsp;[\/vc_column_text][\/vc_column][\/vc_row][vc_row][vc_column][\/vc_column][\/vc_row][vc_row][vc_column width=&#8221;1\/2&#8243;][vc_column_text]<strong>ANFU SVT 100 regranul\u00e1l\u00f3<\/strong><\/p>\n<p>&nbsp;<\/p>\n<p>&nbsp;<\/p>\n<p>&nbsp;<\/p>\n<p>Gy\u00e1rt\u00f3: ANFU Plastic Machinery Co. Ltd.<\/p>\n<p>Teljes\u00edtm\u00e9ny:\u00a0max. 150 kg\/h<\/p>\n<p>&nbsp;<\/p>\n<p>&nbsp;[\/vc_column_text][\/vc_column][vc_column width=&#8221;1\/2&#8243;][vc_images_carousel images=&#8221;1784,1786,1788,1790,1792&#8243; img_size=&#8221;640&#215;480&#8243; autoplay=&#8221;yes&#8221;][\/vc_column][\/vc_row]<\/p>\n","protected":false},"excerpt":{"rendered":"<p>[vc_row][vc_column width=&#8221;1\/3&#8243;][\/vc_column][vc_column width=&#8221;2\/3&#8243;][\/vc_column][\/vc_row][vc_row][vc_column width=&#8221;2\/3&#8243;][vc_column_text]QUEEN&#8217;S EP-45 extruder HDPE feldolgoz\u00e1sra Gy\u00e1rt\u00e1si \u00e9v: 1997 T\u00f6ml\u0151sz\u00e9less\u00e9g: max. 600 mm Tartoz\u00e9kok: Pr\u00e9gel\u0151, m\u00e9ter sz\u00e1ml\u00e1l\u00f3, red\u0151z\u0151 lap\u00e1t, ballon figyel\u0151, oldal nyit\u00f3 k\u00e9sek [&hellip;]<\/p>\n","protected":false},"author":2,"featured_media":0,"parent":0,"menu_order":0,"comment_status":"closed","ping_status":"closed","template":"","meta":[],"_links":{"self":[{"href":"https:\/\/www.deltatrade.eu\/index.php?rest_route=\/wp\/v2\/pages\/894"}],"collection":[{"href":"https:\/\/www.deltatrade.eu\/index.php?rest_route=\/wp\/v2\/pages"}],"about":[{"href":"https:\/\/www.deltatrade.eu\/index.php?rest_route=\/wp\/v2\/types\/page"}],"author":[{"embeddable":true,"href":"https:\/\/www.deltatrade.eu\/index.php?rest_route=\/wp\/v2\/users\/2"}],"replies":[{"embeddable":true,"href":"https:\/\/www.deltatrade.eu\/index.php?rest_route=%2Fwp%2Fv2%2Fcomments&post=894"}],"version-history":[{"count":38,"href":"https:\/\/www.deltatrade.eu\/index.php?rest_route=\/wp\/v2\/pages\/894\/revisions"}],"predecessor-version":[{"id":2041,"href":"https:\/\/www.deltatrade.eu\/index.php?rest_route=\/wp\/v2\/pages\/894\/revisions\/2041"}],"wp:attachment":[{"href":"https:\/\/www.deltatrade.eu\/index.php?rest_route=%2Fwp%2Fv2%2Fmedia&parent=894"}],"curies":[{"name":"wp","href":"https:\/\/api.w.org\/{rel}","templated":true}]}}