{"id":864,"date":"2016-02-16T16:48:13","date_gmt":"2016-02-16T15:48:13","guid":{"rendered":"http:\/\/www.binkl.hu\/deltatrade\/?page_id=864"},"modified":"2024-08-28T13:24:15","modified_gmt":"2024-08-28T11:24:15","slug":"hasznalt-konfekcionalo-gepek","status":"publish","type":"page","link":"https:\/\/www.deltatrade.eu\/?page_id=864","title":{"rendered":"Haszn\u00e1lt konfekcion\u00e1l\u00f3 g\u00e9pek"},"content":{"rendered":"<p>[vc_row][vc_column width=&#8221;1\/3&#8243;][\/vc_column][\/vc_row][vc_row][vc_column width=&#8221;2\/3&#8243;][vc_images_carousel images=&#8221;2085,2087,2089,2091&#8243; img_size=&#8221;640&#215;480&#8243; autoplay=&#8221;yes&#8221; wrap=&#8221;yes&#8221;][\/vc_column][vc_column width=&#8221;1\/3&#8243;][vc_column_text]<strong>WENZHOU HT-GF500B AUTOMATA KESZTY\u0170 GY\u00c1RT\u00d3 G\u00c9P<\/strong><\/p>\n<p>Gy\u00e1rt\u00e1si \u00e9v: 2022,<\/p>\n<p>\u00c1llapot: Gy\u00e1ri \u00faj<\/p>\n<p>Keszty\u0171 sz\u00e9less\u00e9g: 240 &#8211; 300 mm<\/p>\n<p>Keszty\u0171 hossz: 200 &#8211; 400 mm<\/p>\n<p>Gy\u00e1rthat\u00f3 term\u00e9k sz\u00e1m: 180 &#8211; 220 db\/perc[\/vc_column_text][\/vc_column][\/vc_row][vc_row][\/vc_row][vc_row][\/vc_row][vc_row][\/vc_row][vc_row][vc_column width=&#8221;1\/3&#8243;][vc_column_text]<strong>MECCTRON SAE70<\/strong> EGYP\u00c1LY\u00c1S <strong>INGV\u00c1LLAS T\u00c1SKA<\/strong> GY\u00c1RT\u00d3 G\u00c9P VASTAG F\u00d3LI\u00c1HOZ<\/p>\n<p>\u00c9vj\u00e1rat: 1993, fel\u00faj\u00edtva 2009-ben<\/p>\n<p>Max.hegeszt\u00e9si sz\u00e9less\u00e9g: 700 mm<\/p>\n<p>Servo hajt\u00e1ssal<\/p>\n<p>M\u0171k\u00f6d\u00e9s k\u00f6zben megtekinthet\u0151<\/p>\n<p>\u00c1r:\u00a0 EUR 6.000[\/vc_column_text][\/vc_column][vc_column width=&#8221;2\/3&#8243;][vc_images_carousel images=&#8221;1356&#8243; img_size=&#8221;640&#215;480&#8243;][\/vc_column][\/vc_row][vc_row][vc_column width=&#8221;1\/3&#8243;][\/vc_column][vc_column width=&#8221;2\/3&#8243;][\/vc_column][\/vc_row][vc_row][vc_column width=&#8221;2\/3&#8243;][vc_images_carousel images=&#8221;1429,1431&#8243; img_size=&#8221;600&#215;480&#8243; autoplay=&#8221;yes&#8221; wrap=&#8221;yes&#8221;][\/vc_column][vc_column width=&#8221;1\/3&#8243;][vc_column_text]<strong>HM-800DB4 4-p\u00e1ly\u00e1s talphegesztett tasak \u00e9s ingv\u00e1llas t\u00e1ska gy\u00e1rt\u00f3 g\u00e9p stancol\u00e1s n\u00e9lk\u00fcl<\/strong><\/p>\n<p>&nbsp;<\/p>\n<p>\u00c9vj\u00e1rat: 2001<\/p>\n<p>F\u00f3liavastags\u00e1g: 0,008 &#8211; 0,08 mm<\/p>\n<p>Term\u00e9ksz\u00e9less\u00e9g: max.\u00a0 750+750 mm vagy\u00a0 350+350+350+350 mm<\/p>\n<p>Term\u00e9khossz: max. 1200 mm[\/vc_column_text][\/vc_column][\/vc_row][vc_row][vc_column width=&#8221;1\/3&#8243;][vc_column_text]<strong>HEMINGSTONE HM-830MF SZALAGF\u00dcLES \u00c9S PISK\u00d3TAF\u00dcLES T\u00c1SKA GY\u00c1RT\u00d3 G\u00c9P<\/strong><\/p>\n<p>Gy\u00e1rt\u00e1si \u00e9v: 2007<\/p>\n<p>T\u00e1ska sz\u00e9less\u00e9g: 250 &#8211; 650 mm<\/p>\n<p>T\u00e1ska hossz: 250 &#8211; 650 mm<\/p>\n<p>\u00dctemsz\u00e1m: 120 db\/perc<\/p>\n<p>A g\u00e9p alkalmas norm\u00e1l oldalhegesztett tasakok gy\u00e1rt\u00e1s\u00e1ra is PE \u00e9s PP f\u00f3li\u00e1b\u00f3l.[\/vc_column_text][\/vc_column][vc_column width=&#8221;2\/3&#8243;][vc_images_carousel images=&#8221;1567,1562,1560&#8243; img_size=&#8221;640&#215;480&#8243; autoplay=&#8221;yes&#8221; wrap=&#8221;yes&#8221;][\/vc_column][\/vc_row][vc_row][vc_column width=&#8221;2\/3&#8243;][vc_images_carousel images=&#8221;1422,1420&#8243; img_size=&#8221;640&#215;480&#8243; autoplay=&#8221;yes&#8221; wrap=&#8221;yes&#8221;][\/vc_column][vc_column width=&#8221;1\/3&#8243;][vc_column_text]<strong>ROLL-O-MATIC N605\/1300 T\u00cdPUS\u00da TASAKGY\u00c1RT\u00d3 G\u00c9P<\/strong><\/p>\n<p>1 \u00e9s 2 p\u00e1ly\u00e1s gy\u00e1rt\u00e1sra<\/p>\n<p>Term\u00e9k sz\u00e9less\u00e9g: Max. 1 x 600mm vagy 2 x 300mm<\/p>\n<p>Term\u00e9k hossz: 170 &#8211; 1300mm<\/p>\n<p>&nbsp;[\/vc_column_text][\/vc_column][\/vc_row][vc_row][vc_column width=&#8221;1\/3&#8243;][vc_column_text]<strong>LEMO INTERMAT 850 RW rolnis tasakgy\u00e1rt\u00f3 g\u00e9p, z\u00f6lds\u00e9g, gy\u00fcm\u00f6lcs term\u00e9k csomagol\u00e1s\u00e1ra, automata csomagol\u00f3 g\u00e9phez<\/strong><\/p>\n<p>&nbsp;<\/p>\n<p>&nbsp;<\/p>\n<p>F\u00f3liavastags\u00e1g:\u00a035 mikron felett<\/p>\n<p>Le-, \u00e9s felcs\u00e9v\u00e9l\u00e9s 76-os pap\u00edrcs\u00e9v\u00e9re<\/p>\n<p>A g\u00e9p f\u00e9lt\u00f6ml\u0151b\u0151l dolgozik[\/vc_column_text][\/vc_column][vc_column width=&#8221;2\/3&#8243;][vc_images_carousel images=&#8221;1699,1701,1703,1705,1707,1709&#8243; img_size=&#8221;640&#215;480&#8243; autoplay=&#8221;yes&#8221; wrap=&#8221;yes&#8221;][\/vc_column][\/vc_row][vc_row][vc_column width=&#8221;2\/3&#8243;][vc_images_carousel images=&#8221;1932&#8243; img_size=&#8221;640&#215;480&#8243; autoplay=&#8221;yes&#8221; wrap=&#8221;yes&#8221;][\/vc_column][vc_column width=&#8221;1\/3&#8243;][vc_column_text]<strong>HM-800DB4 4-p\u00e1ly\u00e1s talphegesztett tasak \u00e9s ingv\u00e1llas t\u00e1ska gy\u00e1rt\u00f3 g\u00e9p stancol\u00e1s n\u00e9lk\u00fcl<\/strong><\/p>\n<p>\u00c9vj\u00e1rat: 1999<\/p>\n<p>F\u00f3liavastags\u00e1g: 0,008 &#8211; 0,08 mm<\/p>\n<p>Term\u00e9ksz\u00e9less\u00e9g: max.\u00a0 750 mm vagy 350 mm 1 illetve 2 p\u00e1lya eset\u00e9n<\/p>\n<p>Term\u00e9khossz: max. 1200 mm<\/p>\n<p><strong>\u00a0<\/strong><\/p>\n<p>&nbsp;<\/p>\n<p>&nbsp;<\/p>\n<p>&nbsp;[\/vc_column_text][\/vc_column][\/vc_row][vc_row][vc_column width=&#8221;1\/3&#8243;][vc_column_text]<strong>HM-800VA-SV K\u00c9TP\u00c1LY\u00c1S INGV\u00c1LLAS T\u00c1SKA GY\u00c1RT\u00d3 G\u00c9P<\/strong><\/p>\n<p>Gy\u00e1rt\u00e1si \u00e9v: 2002<\/p>\n<p>T\u00e1ska sz\u00e9less\u00e9g: max. 2 x\u00a0330 mm<\/p>\n<p>T\u00e1ska hossz: max. 650 mm<\/p>\n<p>\u00dctemsz\u00e1m: max. 200 db\/perc<\/p>\n<p><strong>\u00a0<\/strong><\/p>\n<p>&nbsp;<\/p>\n<p><strong>\u00a0<\/strong><\/p>\n<p>&nbsp;<\/p>\n<p>&nbsp;<\/p>\n<p>&nbsp;[\/vc_column_text][\/vc_column][vc_column width=&#8221;2\/3&#8243;][vc_images_carousel images=&#8221;1934,1936&#8243; img_size=&#8221;640&#215;480&#8243; autoplay=&#8221;yes&#8221; wrap=&#8221;yes&#8221;][\/vc_column][\/vc_row][vc_row][vc_column width=&#8221;1\/3&#8243;][\/vc_column][vc_column width=&#8221;2\/3&#8243;][\/vc_column][\/vc_row]<\/p>\n","protected":false},"excerpt":{"rendered":"<p>[vc_row][vc_column width=&#8221;1\/3&#8243;][\/vc_column][\/vc_row][vc_row][vc_column width=&#8221;2\/3&#8243;][vc_images_carousel images=&#8221;2085,2087,2089,2091&#8243; img_size=&#8221;640&#215;480&#8243; autoplay=&#8221;yes&#8221; wrap=&#8221;yes&#8221;][\/vc_column][vc_column width=&#8221;1\/3&#8243;][vc_column_text]WENZHOU HT-GF500B AUTOMATA KESZTY\u0170 GY\u00c1RT\u00d3 G\u00c9P Gy\u00e1rt\u00e1si \u00e9v: 2022, \u00c1llapot: Gy\u00e1ri \u00faj Keszty\u0171 sz\u00e9less\u00e9g: 240 &#8211; 300 mm Keszty\u0171 [&hellip;]<\/p>\n","protected":false},"author":2,"featured_media":0,"parent":0,"menu_order":0,"comment_status":"closed","ping_status":"closed","template":"","meta":[],"_links":{"self":[{"href":"https:\/\/www.deltatrade.eu\/index.php?rest_route=\/wp\/v2\/pages\/864"}],"collection":[{"href":"https:\/\/www.deltatrade.eu\/index.php?rest_route=\/wp\/v2\/pages"}],"about":[{"href":"https:\/\/www.deltatrade.eu\/index.php?rest_route=\/wp\/v2\/types\/page"}],"author":[{"embeddable":true,"href":"https:\/\/www.deltatrade.eu\/index.php?rest_route=\/wp\/v2\/users\/2"}],"replies":[{"embeddable":true,"href":"https:\/\/www.deltatrade.eu\/index.php?rest_route=%2Fwp%2Fv2%2Fcomments&post=864"}],"version-history":[{"count":142,"href":"https:\/\/www.deltatrade.eu\/index.php?rest_route=\/wp\/v2\/pages\/864\/revisions"}],"predecessor-version":[{"id":2096,"href":"https:\/\/www.deltatrade.eu\/index.php?rest_route=\/wp\/v2\/pages\/864\/revisions\/2096"}],"wp:attachment":[{"href":"https:\/\/www.deltatrade.eu\/index.php?rest_route=%2Fwp%2Fv2%2Fmedia&parent=864"}],"curies":[{"name":"wp","href":"https:\/\/api.w.org\/{rel}","templated":true}]}}