{"id":32,"date":"2015-04-14T10:48:42","date_gmt":"2015-04-14T09:48:42","guid":{"rendered":"http:\/\/www.deltatrade.eu\/WP\/?page_id=32"},"modified":"2015-09-04T03:50:27","modified_gmt":"2015-09-04T01:50:27","slug":"makroperforalo-berendezesek","status":"publish","type":"page","link":"https:\/\/www.deltatrade.eu\/?page_id=32","title":{"rendered":"Perfor\u00e1l\u00f3 rendszerek"},"content":{"rendered":"<p>[vc_row full_width=&#8221;&#8221; parallax=&#8221;&#8221; parallax_image=&#8221;&#8221;][vc_column width=&#8221;1\/1&#8243;][vc_column_text]<\/p>\n<h2>PERFOR\u00c1L\u00d3 RENDSZEREK<\/h2>\n<p>[\/vc_column_text][\/vc_column][\/vc_row][vc_row full_width=&#8221;&#8221; parallax=&#8221;&#8221; parallax_image=&#8221;&#8221;][vc_column width=&#8221;1\/3&#8243;][vc_column_text]In-Line rendszerben m\u0171k\u00f6d\u0151 g\u00e9pek, amelyek a felhaszn\u00e1l\u00e1si \u00e9s a csomagol\u00e1si ig\u00e9nyekhez igazodva a f\u00f3lia fel\u00fclet\u00e9n szab\u00e1lyozhat\u00f3 m\u00e9ret\u0171 \u00e9s programozhat\u00f3 strukt\u00far\u00e1j\u00fa perfor\u00e1l\u00e1st v\u00e9geznek mechanikus lyukaszt\u00f3sor vagy l\u00e9zer seg\u00edts\u00e9g\u00e9vel.<br \/>\n<a href=\"http:\/\/www.maklaus.com\/en_US\/home\/products\/punching_units\" target=\"_blank\"><img decoding=\"async\" loading=\"lazy\" class=\"alignleft size-full wp-image-496\" src=\"http:\/\/www.binkl.hu\/deltatrade\/wp-content\/uploads\/2015\/04\/maklaus_logo1.png\" alt=\"maklaus_logo\" width=\"203\" height=\"110\" srcset=\"https:\/\/www.deltatrade.eu\/wp-content\/uploads\/2015\/04\/maklaus_logo1.png 203w, https:\/\/www.deltatrade.eu\/wp-content\/uploads\/2015\/04\/maklaus_logo1-50x27.png 50w, https:\/\/www.deltatrade.eu\/wp-content\/uploads\/2015\/04\/maklaus_logo1-138x75.png 138w\" sizes=\"(max-width: 203px) 100vw, 203px\" \/><\/a>[\/vc_column_text][vc_gallery type=&#8221;image_grid&#8221; interval=&#8221;3&#8243; images=&#8221;424,425,426,427,428&#8243; onclick=&#8221;link_image&#8221; custom_links_target=&#8221;_self&#8221;][\/vc_column][vc_column width=&#8221;2\/3&#8243;][vc_images_carousel images=&#8221;763,765,767,769,771&#8243; onclick=&#8221;link_image&#8221; custom_links_target=&#8221;_self&#8221; mode=&#8221;horizontal&#8221; speed=&#8221;5000&#8243; slides_per_view=&#8221;1&#8243; autoplay=&#8221;yes&#8221; hide_pagination_control=&#8221;&#8221; hide_prev_next_buttons=&#8221;&#8221; partial_view=&#8221;&#8221; wrap=&#8221;yes&#8221; img_size=&#8221;640&#215;480&#8243;][\/vc_column][\/vc_row]<\/p>\n","protected":false},"excerpt":{"rendered":"<p>[vc_row full_width=&#8221;&#8221; parallax=&#8221;&#8221; parallax_image=&#8221;&#8221;][vc_column width=&#8221;1\/1&#8243;][vc_column_text] PERFOR\u00c1L\u00d3 RENDSZEREK [\/vc_column_text][\/vc_column][\/vc_row][vc_row full_width=&#8221;&#8221; parallax=&#8221;&#8221; parallax_image=&#8221;&#8221;][vc_column width=&#8221;1\/3&#8243;][vc_column_text]In-Line rendszerben m\u0171k\u00f6d\u0151 g\u00e9pek, amelyek a felhaszn\u00e1l\u00e1si \u00e9s a csomagol\u00e1si ig\u00e9nyekhez igazodva a f\u00f3lia fel\u00fclet\u00e9n [&hellip;]<\/p>\n","protected":false},"author":1,"featured_media":0,"parent":0,"menu_order":7,"comment_status":"closed","ping_status":"open","template":"","meta":[],"_links":{"self":[{"href":"https:\/\/www.deltatrade.eu\/index.php?rest_route=\/wp\/v2\/pages\/32"}],"collection":[{"href":"https:\/\/www.deltatrade.eu\/index.php?rest_route=\/wp\/v2\/pages"}],"about":[{"href":"https:\/\/www.deltatrade.eu\/index.php?rest_route=\/wp\/v2\/types\/page"}],"author":[{"embeddable":true,"href":"https:\/\/www.deltatrade.eu\/index.php?rest_route=\/wp\/v2\/users\/1"}],"replies":[{"embeddable":true,"href":"https:\/\/www.deltatrade.eu\/index.php?rest_route=%2Fwp%2Fv2%2Fcomments&post=32"}],"version-history":[{"count":2,"href":"https:\/\/www.deltatrade.eu\/index.php?rest_route=\/wp\/v2\/pages\/32\/revisions"}],"predecessor-version":[{"id":773,"href":"https:\/\/www.deltatrade.eu\/index.php?rest_route=\/wp\/v2\/pages\/32\/revisions\/773"}],"wp:attachment":[{"href":"https:\/\/www.deltatrade.eu\/index.php?rest_route=%2Fwp%2Fv2%2Fmedia&parent=32"}],"curies":[{"name":"wp","href":"https:\/\/api.w.org\/{rel}","templated":true}]}}