{"id":187,"date":"2015-04-15T16:28:20","date_gmt":"2015-04-15T14:28:20","guid":{"rendered":"http:\/\/www.deltatrade.eu\/WP\/?page_id=171"},"modified":"2024-05-02T15:45:43","modified_gmt":"2024-05-02T13:45:43","slug":"kepviseletek","status":"publish","type":"page","link":"https:\/\/www.deltatrade.eu\/?page_id=187","title":{"rendered":"K\u00c9PVISELETEK"},"content":{"rendered":"<p>[vc_row][vc_column width=&#8221;1\/4&#8243;][vc_single_image image=&#8221;494&#8243; img_size=&#8221;large&#8221; alignment=&#8221;center&#8221; onclick=&#8221;custom_link&#8221; img_link_target=&#8221;_blank&#8221; link=&#8221;http:\/\/www.hemingstone.com\/&#8221;][\/vc_column][vc_column width=&#8221;3\/4&#8243;][vc_column_text]<\/p>\n<h3><strong>HEMINGSTONE<\/strong><\/h3>\n<h4>Alap\u00edtva: 1979<\/h4>\n<h5>M\u0171anyagipari tasak \u00e9s zs\u00e1k hegeszt\u0151 g\u00e9pek, soros \u00e9s k\u00f6zponti hengeres flexo nyomdag\u00e9pek<\/h5>\n<p>[\/vc_column_text][\/vc_column][\/vc_row][vc_row][vc_column][vc_separator border_width=&#8221;2&#8243;][\/vc_column][\/vc_row][vc_row][vc_column width=&#8221;1\/4&#8243;][vc_single_image image=&#8221;496&#8243; img_size=&#8221;large&#8221; alignment=&#8221;center&#8221; onclick=&#8221;custom_link&#8221; img_link_target=&#8221;_blank&#8221; link=&#8221;http:\/\/www.maklaus.com\/&#8221;][\/vc_column][vc_column width=&#8221;3\/4&#8243;][vc_column_text]<\/p>\n<h3><strong>MAKLAUS<\/strong><\/h3>\n<h4>Alap\u00edtva: 1995<\/h4>\n<h5>Automata strech f\u00f3lia \u00e1ttekercsel\u0151k, in-line lyukaszt\u00f3 rendszerek, makro-, mikro- \u00e9s l\u00e9zer perfor\u00e1l\u00e1s<\/h5>\n<p>[\/vc_column_text][\/vc_column][\/vc_row][vc_row][vc_column][vc_separator border_width=&#8221;2&#8243;][\/vc_column][\/vc_row][vc_row][vc_column width=&#8221;1\/4&#8243;][vc_single_image image=&#8221;498&#8243; img_size=&#8221;large&#8221; alignment=&#8221;center&#8221; onclick=&#8221;custom_link&#8221; img_link_target=&#8221;_blank&#8221; link=&#8221;https:\/\/syncro-group.com\/plasmac\/&#8221;][\/vc_column][vc_column width=&#8221;3\/4&#8243;][vc_column_text]<\/p>\n<h3><strong>PLASMAC<\/strong><\/h3>\n<h5>Regranul\u00e1l\u00f3 g\u00e9pek a m\u0171anyag hullad\u00e9k \u00fajrahasznos\u00edt\u00e1s\u00e1hoz 10 &#8211; 1000 kg\/\u00f3ra teljes\u00edtm\u00e9nyig<\/h5>\n<p>[\/vc_column_text][\/vc_column][\/vc_row][vc_row][vc_column][vc_separator border_width=&#8221;2&#8243;][\/vc_column][\/vc_row][vc_row][vc_column width=&#8221;1\/4&#8243;][vc_single_image image=&#8221;500&#8243; img_size=&#8221;large&#8221; alignment=&#8221;center&#8221; onclick=&#8221;custom_link&#8221; img_link_target=&#8221;_blank&#8221; link=&#8221;http:\/\/www.queens.com.tw\/&#8221;][\/vc_column][vc_column width=&#8221;3\/4&#8243;][vc_column_text]<\/p>\n<h3><strong>QUEEN&#8217;S<\/strong><\/h3>\n<h4>Alap\u00edtva: 1973<\/h4>\n<h5>Egy- \u00e9s t\u00f6bbr\u00e9teg\u0171 f\u00f3liaf\u00fav\u00f3 g\u00e9pek, regranul\u00e1l\u00f3 g\u00e9pek, soros elrendez\u00e9s\u0171 nyomdag\u00e9pek, tasak \u00e9s zs\u00e1k hegeszt\u0151 g\u00e9pek<\/h5>\n<p>[\/vc_column_text][\/vc_column][\/vc_row][vc_row][vc_column][\/vc_column][vc_column_text][\/vc_column_text][\/vc_row][vc_row][vc_column][vc_separator border_width=&#8221;2&#8243;][\/vc_column][\/vc_row][vc_row][vc_column width=&#8221;1\/4&#8243;][vc_single_image image=&#8221;1135&#8243; img_size=&#8221;large&#8221; alignment=&#8221;center&#8221; onclick=&#8221;custom_link&#8221; img_link_target=&#8221;_blank&#8221; link=&#8221;http:\/\/www.temacslitters.com&#8221;][\/vc_column][vc_column width=&#8221;3\/4&#8243;][vc_column_text]<\/p>\n<h3><strong>TEMAC<\/strong><\/h3>\n<h4><\/h4>\n<h5>Tekercsv\u00e1g\u00f3 g\u00e9pek<\/h5>\n<p>[\/vc_column_text][\/vc_column][\/vc_row][vc_row][vc_column][vc_separator border_width=&#8221;2&#8243;][\/vc_column][\/vc_row][vc_row][vc_column width=&#8221;1\/4&#8243;][vc_single_image image=&#8221;502&#8243; img_size=&#8221;large&#8221; alignment=&#8221;center&#8221; onclick=&#8221;custom_link&#8221; img_link_target=&#8221;_blank&#8221; link=&#8221;http:\/\/www.uteco.com\/&#8221;][\/vc_column][vc_column width=&#8221;3\/4&#8243;][vc_column_text]<\/p>\n<h3><strong>UTECO<\/strong><\/h3>\n<h4>Alap\u00edtva: 1964<\/h4>\n<h5>Soros \u00e9s k\u00f6zponti hengeres flexo nyomdag\u00e9pek, rotogravure m\u00e9lynyom\u00f3 g\u00e9pek, tekercs ofszet nyomdag\u00e9pek \u00e9s lamin\u00e1l\u00f3 g\u00e9pek<\/h5>\n<p>[\/vc_column_text][\/vc_column][\/vc_row][vc_row][vc_column][vc_separator border_width=&#8221;2&#8243;][\/vc_column][\/vc_row][vc_row][vc_column width=&#8221;1\/4&#8243;][vc_single_image image=&#8221;2050&#8243; img_size=&#8221;large&#8221; alignment=&#8221;center&#8221; onclick=&#8221;custom_link&#8221; img_link_target=&#8221;_blank&#8221; link=&#8221;https:\/\/www.hci.cc\/Bag-Making-Machine-Pouch-Making-Machine-series.html&#8221;][\/vc_column][vc_column width=&#8221;3\/4&#8243;][vc_column_text]<\/p>\n<h3><strong>HCI CONVERTING EQUIPMENT CO., LTD.<\/strong><\/h3>\n<h4>Alap\u00edtva: 1981<\/h4>\n<h5>V\u00e1kuumtasak, pouch \u00e9s h\u00e1thegesztett tasakgy\u00e1rt\u00f3 g\u00e9pek<\/h5>\n<p>[\/vc_column_text][\/vc_column][\/vc_row]<\/p>\n","protected":false},"excerpt":{"rendered":"<p>[vc_row][vc_column width=&#8221;1\/4&#8243;][vc_single_image image=&#8221;494&#8243; img_size=&#8221;large&#8221; alignment=&#8221;center&#8221; onclick=&#8221;custom_link&#8221; img_link_target=&#8221;_blank&#8221; link=&#8221;http:\/\/www.hemingstone.com\/&#8221;][\/vc_column][vc_column width=&#8221;3\/4&#8243;][vc_column_text] HEMINGSTONE Alap\u00edtva: 1979 M\u0171anyagipari tasak \u00e9s zs\u00e1k hegeszt\u0151 g\u00e9pek, soros \u00e9s k\u00f6zponti hengeres flexo nyomdag\u00e9pek [\/vc_column_text][\/vc_column][\/vc_row][vc_row][vc_column][vc_separator border_width=&#8221;2&#8243;][\/vc_column][\/vc_row][vc_row][vc_column [&hellip;]<\/p>\n","protected":false},"author":1,"featured_media":0,"parent":0,"menu_order":0,"comment_status":"closed","ping_status":"closed","template":"","meta":[],"_links":{"self":[{"href":"https:\/\/www.deltatrade.eu\/index.php?rest_route=\/wp\/v2\/pages\/187"}],"collection":[{"href":"https:\/\/www.deltatrade.eu\/index.php?rest_route=\/wp\/v2\/pages"}],"about":[{"href":"https:\/\/www.deltatrade.eu\/index.php?rest_route=\/wp\/v2\/types\/page"}],"author":[{"embeddable":true,"href":"https:\/\/www.deltatrade.eu\/index.php?rest_route=\/wp\/v2\/users\/1"}],"replies":[{"embeddable":true,"href":"https:\/\/www.deltatrade.eu\/index.php?rest_route=%2Fwp%2Fv2%2Fcomments&post=187"}],"version-history":[{"count":20,"href":"https:\/\/www.deltatrade.eu\/index.php?rest_route=\/wp\/v2\/pages\/187\/revisions"}],"predecessor-version":[{"id":2072,"href":"https:\/\/www.deltatrade.eu\/index.php?rest_route=\/wp\/v2\/pages\/187\/revisions\/2072"}],"wp:attachment":[{"href":"https:\/\/www.deltatrade.eu\/index.php?rest_route=%2Fwp%2Fv2%2Fmedia&parent=187"}],"curies":[{"name":"wp","href":"https:\/\/api.w.org\/{rel}","templated":true}]}}