{"id":182,"date":"2015-04-14T10:52:22","date_gmt":"2015-04-14T09:52:22","guid":{"rendered":"http:\/\/www.deltatrade.eu\/WP\/?page_id=42"},"modified":"2025-03-31T15:11:04","modified_gmt":"2025-03-31T13:11:04","slug":"regranulalok","status":"publish","type":"page","link":"https:\/\/www.deltatrade.eu\/?page_id=182","title":{"rendered":"F\u00f3lia \u00fajrahasznos\u00edt\u00e1s"},"content":{"rendered":"<p>[vc_row][vc_column][vc_column_text]<\/p>\n<h2>F\u00f3lia \u00fajrahasznos\u00edt\u00e1s<\/h2>\n<p>[\/vc_column_text][\/vc_column][\/vc_row][vc_row][vc_column width=&#8221;1\/3&#8243;][vc_column_text]<\/p>\n<h5>A f\u00f3lia gy\u00e1rt\u00e1sa, feldolgoz\u00e1sa \u00e9s felhaszn\u00e1l\u00e1sa sor\u00e1n keletkezett technol\u00f3giai hullad\u00e9k valamint a visszagy\u0171jt\u00f6tt hullad\u00e9k mos\u00e1s\u00e1ra, \u00fajrahasznos\u00edt\u00e1s\u00e1ra szolg\u00e1l\u00f3 berendez\u00e9sek.<\/h5>\n<p>K\u00fcl\u00f6nb\u00f6z\u0151 m\u00e9ret\u0171 \u00e9s kialak\u00edt\u00e1s\u00fa g\u00e9pek \u00e1llnak rendelkez\u00e9sre a hullad\u00e9k jelleg\u00e9hez \u00e9s mennyis\u00e9g\u00e9hez igazodva<br \/>\n10\u00a0\u00e9s 1000 kg\/\u00f3ra teljes\u00edtm\u00e9ny tartom\u00e1nyban.<br \/>\n<a href=\"http:\/\/www.plasmac.co.uk\/products\" target=\"_blank\"><img decoding=\"async\" loading=\"lazy\" class=\"alignleft wp-image-498\" src=\"http:\/\/www.binkl.hu\/deltatrade\/wp-content\/uploads\/2015\/04\/plasmac_logo1.png\" alt=\"plasmac_logo\" width=\"170\" height=\"92\" srcset=\"https:\/\/www.deltatrade.eu\/wp-content\/uploads\/2015\/04\/plasmac_logo1.png 203w, https:\/\/www.deltatrade.eu\/wp-content\/uploads\/2015\/04\/plasmac_logo1-50x27.png 50w, https:\/\/www.deltatrade.eu\/wp-content\/uploads\/2015\/04\/plasmac_logo1-138x75.png 138w\" sizes=\"(max-width: 170px) 100vw, 170px\" \/><\/a>[\/vc_column_text][\/vc_column][vc_column width=&#8221;2\/3&#8243;][vc_images_carousel images=&#8221;2143,734,736,738,2141&#8243; img_size=&#8221;640&#215;480&#8243; autoplay=&#8221;yes&#8221; wrap=&#8221;yes&#8221;][\/vc_column][\/vc_row][vc_row][vc_column][\/vc_column][\/vc_row]<\/p>\n","protected":false},"excerpt":{"rendered":"<p>[vc_row][vc_column][vc_column_text] F\u00f3lia \u00fajrahasznos\u00edt\u00e1s [\/vc_column_text][\/vc_column][\/vc_row][vc_row][vc_column width=&#8221;1\/3&#8243;][vc_column_text] A f\u00f3lia gy\u00e1rt\u00e1sa, feldolgoz\u00e1sa \u00e9s felhaszn\u00e1l\u00e1sa sor\u00e1n keletkezett technol\u00f3giai hullad\u00e9k valamint a visszagy\u0171jt\u00f6tt hullad\u00e9k mos\u00e1s\u00e1ra, \u00fajrahasznos\u00edt\u00e1s\u00e1ra szolg\u00e1l\u00f3 berendez\u00e9sek. K\u00fcl\u00f6nb\u00f6z\u0151 m\u00e9ret\u0171 \u00e9s [&hellip;]<\/p>\n","protected":false},"author":1,"featured_media":0,"parent":0,"menu_order":8,"comment_status":"closed","ping_status":"open","template":"","meta":[],"_links":{"self":[{"href":"https:\/\/www.deltatrade.eu\/index.php?rest_route=\/wp\/v2\/pages\/182"}],"collection":[{"href":"https:\/\/www.deltatrade.eu\/index.php?rest_route=\/wp\/v2\/pages"}],"about":[{"href":"https:\/\/www.deltatrade.eu\/index.php?rest_route=\/wp\/v2\/types\/page"}],"author":[{"embeddable":true,"href":"https:\/\/www.deltatrade.eu\/index.php?rest_route=\/wp\/v2\/users\/1"}],"replies":[{"embeddable":true,"href":"https:\/\/www.deltatrade.eu\/index.php?rest_route=%2Fwp%2Fv2%2Fcomments&post=182"}],"version-history":[{"count":27,"href":"https:\/\/www.deltatrade.eu\/index.php?rest_route=\/wp\/v2\/pages\/182\/revisions"}],"predecessor-version":[{"id":2146,"href":"https:\/\/www.deltatrade.eu\/index.php?rest_route=\/wp\/v2\/pages\/182\/revisions\/2146"}],"wp:attachment":[{"href":"https:\/\/www.deltatrade.eu\/index.php?rest_route=%2Fwp%2Fv2%2Fmedia&parent=182"}],"curies":[{"name":"wp","href":"https:\/\/api.w.org\/{rel}","templated":true}]}}