{"id":181,"date":"2015-04-14T10:48:08","date_gmt":"2015-04-14T09:48:08","guid":{"rendered":"http:\/\/www.deltatrade.eu\/WP\/?page_id=30"},"modified":"2015-09-04T08:19:19","modified_gmt":"2015-09-04T06:19:19","slug":"sztreccsfolia-atcsevelok","status":"publish","type":"page","link":"https:\/\/www.deltatrade.eu\/?page_id=181","title":{"rendered":"Sztreccsf\u00f3lia \u00e1ttekercsel\u0151 g\u00e9pek"},"content":{"rendered":"<p>[vc_row full_width=&#8221;&#8221; parallax=&#8221;&#8221; parallax_image=&#8221;&#8221;][vc_column width=&#8221;1\/1&#8243;][vc_column_text]<\/p>\n<h2>SZTRECCSF\u00d3LIA \u00c1TTEKERCSEL\u0150 G\u00c9PEK<\/h2>\n<p>[\/vc_column_text][\/vc_column][\/vc_row][vc_row full_width=&#8221;&#8221; parallax=&#8221;&#8221; parallax_image=&#8221;&#8221;][vc_column width=&#8221;1\/3&#8243;][vc_column_text]A nagy \u00e1tm\u00e9r\u0151ben gy\u00e1rtott tekercsek \u00e1ttekercsel\u00e9s\u00e9re szolg\u00e1l, amelyek \u00edgy jobban igazodnak a k\u00e9zi vagy g\u00e9pi felhaszn\u00e1l\u00e1si ig\u00e9nyekhez. A g\u00e9pek kieg\u00e9sz\u00edthet\u0151ek az el\u0151ny\u00fajt\u00e1si, a mini-roll, a cs\u00e9ve n\u00e9lk\u00fcli, a puha\/leveg\u0151s \u00e9s oszcill\u00e1l\u00f3s tekercsel\u00e9si lehet\u0151s\u00e9ggel.<br \/>\n<a href=\"http:\/\/www.maklaus.com\/en_US\/home\/products\/rewinders\" target=\"_blank\"><img decoding=\"async\" loading=\"lazy\" class=\"alignleft size-full wp-image-496\" src=\"http:\/\/www.binkl.hu\/deltatrade\/wp-content\/uploads\/2015\/04\/maklaus_logo1.png\" alt=\"maklaus_logo\" width=\"203\" height=\"110\" srcset=\"https:\/\/www.deltatrade.eu\/wp-content\/uploads\/2015\/04\/maklaus_logo1.png 203w, https:\/\/www.deltatrade.eu\/wp-content\/uploads\/2015\/04\/maklaus_logo1-50x27.png 50w, https:\/\/www.deltatrade.eu\/wp-content\/uploads\/2015\/04\/maklaus_logo1-138x75.png 138w\" sizes=\"(max-width: 203px) 100vw, 203px\" \/><\/a>[\/vc_column_text][vc_gallery type=&#8221;image_grid&#8221; interval=&#8221;3&#8243; images=&#8221;416,417,418,419&#8243; onclick=&#8221;link_image&#8221; custom_links_target=&#8221;_self&#8221;][\/vc_column][vc_column width=&#8221;2\/3&#8243;][vc_images_carousel images=&#8221;750,752,754,756&#8243; onclick=&#8221;link_image&#8221; custom_links_target=&#8221;_self&#8221; mode=&#8221;horizontal&#8221; speed=&#8221;5000&#8243; slides_per_view=&#8221;1&#8243; autoplay=&#8221;yes&#8221; hide_pagination_control=&#8221;&#8221; hide_prev_next_buttons=&#8221;&#8221; partial_view=&#8221;&#8221; wrap=&#8221;yes&#8221; img_size=&#8221;500&#215;300&#8243;][\/vc_column][\/vc_row]<\/p>\n","protected":false},"excerpt":{"rendered":"<p>[vc_row full_width=&#8221;&#8221; parallax=&#8221;&#8221; parallax_image=&#8221;&#8221;][vc_column width=&#8221;1\/1&#8243;][vc_column_text] SZTRECCSF\u00d3LIA \u00c1TTEKERCSEL\u0150 G\u00c9PEK [\/vc_column_text][\/vc_column][\/vc_row][vc_row full_width=&#8221;&#8221; parallax=&#8221;&#8221; parallax_image=&#8221;&#8221;][vc_column width=&#8221;1\/3&#8243;][vc_column_text]A nagy \u00e1tm\u00e9r\u0151ben gy\u00e1rtott tekercsek \u00e1ttekercsel\u00e9s\u00e9re szolg\u00e1l, amelyek \u00edgy jobban igazodnak a k\u00e9zi vagy [&hellip;]<\/p>\n","protected":false},"author":1,"featured_media":0,"parent":0,"menu_order":6,"comment_status":"closed","ping_status":"open","template":"","meta":[],"_links":{"self":[{"href":"https:\/\/www.deltatrade.eu\/index.php?rest_route=\/wp\/v2\/pages\/181"}],"collection":[{"href":"https:\/\/www.deltatrade.eu\/index.php?rest_route=\/wp\/v2\/pages"}],"about":[{"href":"https:\/\/www.deltatrade.eu\/index.php?rest_route=\/wp\/v2\/types\/page"}],"author":[{"embeddable":true,"href":"https:\/\/www.deltatrade.eu\/index.php?rest_route=\/wp\/v2\/users\/1"}],"replies":[{"embeddable":true,"href":"https:\/\/www.deltatrade.eu\/index.php?rest_route=%2Fwp%2Fv2%2Fcomments&post=181"}],"version-history":[{"count":4,"href":"https:\/\/www.deltatrade.eu\/index.php?rest_route=\/wp\/v2\/pages\/181\/revisions"}],"predecessor-version":[{"id":761,"href":"https:\/\/www.deltatrade.eu\/index.php?rest_route=\/wp\/v2\/pages\/181\/revisions\/761"}],"wp:attachment":[{"href":"https:\/\/www.deltatrade.eu\/index.php?rest_route=%2Fwp%2Fv2%2Fmedia&parent=181"}],"curies":[{"name":"wp","href":"https:\/\/api.w.org\/{rel}","templated":true}]}}