{"id":173,"date":"2015-04-14T10:47:09","date_gmt":"2015-04-14T09:47:09","guid":{"rendered":"http:\/\/www.deltatrade.eu\/WP\/?page_id=26"},"modified":"2017-06-01T08:24:49","modified_gmt":"2017-06-01T06:24:49","slug":"laminalok","status":"publish","type":"page","link":"https:\/\/www.deltatrade.eu\/?page_id=173","title":{"rendered":"Lamin\u00e1l\u00f3 g\u00e9pek \/ Kas\u00edroz\u00f3k"},"content":{"rendered":"<p>[vc_row][vc_column][vc_column_text]<\/p>\n<h2>LAMIN\u00c1L\u00d3 G\u00c9PEK \/ KAS\u00cdROZ\u00d3K<\/h2>\n<p>[\/vc_column_text][\/vc_column][\/vc_row][vc_row][vc_column width=&#8221;1\/4&#8243;][vc_column_text]<\/p>\n<p style=\"text-align: left;\">A k\u00fcl\u00f6nb\u00f6z\u0151 lamin\u00e1l\u00e1si feladatok ig\u00e9nyeihez alkalmazkodva az UTECO t\u00f6bbf\u00e9le g\u00e9pet k\u00edn\u00e1l, amelyek a legegyszer\u0171bb old\u00f3szermentes lamin\u00e1l\u00e1son t\u00fal a lehet\u0151s\u00e9get adnak a bonyolultabb old\u00f3szeres, cold seal bevonat vagy 3-r\u00e9teg\u0171 triplex szerkezet kialak\u00edt\u00e1s\u00e1ra.<\/p>\n<p>[\/vc_column_text][vc_single_image image=&#8221;502&#8243; img_size=&#8221;large&#8221; alignment=&#8221;&#8221; onclick=&#8221;custom_link&#8221; img_link_target=&#8221;_blank&#8221; link=&#8221;http:\/\/www.uteco.com\/eng\/special-machines_coaters_and_laminators\/horizon.php&#8221;][\/vc_column][vc_column width=&#8221;3\/4&#8243;][vc_images_carousel images=&#8221;1156,1154,1162,723&#8243; img_size=&#8221;640&#215;480&#8243; autoplay=&#8221;yes&#8221; wrap=&#8221;yes&#8221;][\/vc_column][\/vc_row][vc_row][vc_column][vc_column_text]<br \/>\n[\/vc_column_text][\/vc_column][\/vc_row]<\/p>\n","protected":false},"excerpt":{"rendered":"<p>[vc_row][vc_column][vc_column_text] LAMIN\u00c1L\u00d3 G\u00c9PEK \/ KAS\u00cdROZ\u00d3K [\/vc_column_text][\/vc_column][\/vc_row][vc_row][vc_column width=&#8221;1\/4&#8243;][vc_column_text] A k\u00fcl\u00f6nb\u00f6z\u0151 lamin\u00e1l\u00e1si feladatok ig\u00e9nyeihez alkalmazkodva az UTECO t\u00f6bbf\u00e9le g\u00e9pet k\u00edn\u00e1l, amelyek a legegyszer\u0171bb old\u00f3szermentes lamin\u00e1l\u00e1son t\u00fal a lehet\u0151s\u00e9get [&hellip;]<\/p>\n","protected":false},"author":1,"featured_media":0,"parent":0,"menu_order":4,"comment_status":"closed","ping_status":"open","template":"","meta":[],"_links":{"self":[{"href":"https:\/\/www.deltatrade.eu\/index.php?rest_route=\/wp\/v2\/pages\/173"}],"collection":[{"href":"https:\/\/www.deltatrade.eu\/index.php?rest_route=\/wp\/v2\/pages"}],"about":[{"href":"https:\/\/www.deltatrade.eu\/index.php?rest_route=\/wp\/v2\/types\/page"}],"author":[{"embeddable":true,"href":"https:\/\/www.deltatrade.eu\/index.php?rest_route=\/wp\/v2\/users\/1"}],"replies":[{"embeddable":true,"href":"https:\/\/www.deltatrade.eu\/index.php?rest_route=%2Fwp%2Fv2%2Fcomments&post=173"}],"version-history":[{"count":14,"href":"https:\/\/www.deltatrade.eu\/index.php?rest_route=\/wp\/v2\/pages\/173\/revisions"}],"predecessor-version":[{"id":1164,"href":"https:\/\/www.deltatrade.eu\/index.php?rest_route=\/wp\/v2\/pages\/173\/revisions\/1164"}],"wp:attachment":[{"href":"https:\/\/www.deltatrade.eu\/index.php?rest_route=%2Fwp%2Fv2%2Fmedia&parent=173"}],"curies":[{"name":"wp","href":"https:\/\/api.w.org\/{rel}","templated":true}]}}