{"id":171,"date":"2015-04-14T10:45:08","date_gmt":"2015-04-14T09:45:08","guid":{"rendered":"http:\/\/www.deltatrade.eu\/WP\/?page_id=22"},"modified":"2024-05-02T15:40:41","modified_gmt":"2024-05-02T13:40:41","slug":"konfekcionalo-gepek","status":"publish","type":"page","link":"https:\/\/www.deltatrade.eu\/?page_id=171","title":{"rendered":"Konfekcion\u00e1l\u00f3 g\u00e9pek"},"content":{"rendered":"<p>[vc_row][vc_column width=&#8221;1\/2&#8243;][vc_column_text]<\/p>\n<h2>KONFEKCION\u00c1L\u00d3 G\u00c9PEK<\/h2>\n<h4>Ezek a g\u00e9pek a f\u00f3lia t\u00edpus\u00fa term\u00e9kek hegeszt\u00e9ssel val\u00f3 konfekcion\u00e1l\u00e1s\u00e1ra szolg\u00e1lnak ipari, mez\u0151gazdas\u00e1gi, \u00e9lelmiszer-ipari \u00e9s h\u00e1ztart\u00e1si felhaszn\u00e1l\u00e1sra.<\/h4>\n<p>.[\/vc_column_text][\/vc_column][vc_column width=&#8221;1\/2&#8243;][vc_images_carousel images=&#8221;626,628,630,632,634,636&#8243; img_size=&#8221;600&#215;400&#8243; autoplay=&#8221;yes&#8221; wrap=&#8221;yes&#8221;][\/vc_column][\/vc_row][vc_row][vc_column][vc_custom_heading text=&#8221;A GY\u00c1RTHAT\u00d3 V\u00c9GTERM\u00c9KEK F\u0150BB CSOPORTJAI&#8221; font_container=&#8221;tag:h4|text_align:center&#8221; google_fonts=&#8221;font_family:Roboto%3A100%2C100italic%2C300%2C300italic%2Cregular%2Citalic%2C500%2C500italic%2C700%2C700italic%2C900%2C900italic|font_style:400%20regular%3A400%3Anormal&#8221;][vc_tour interval=&#8221;0&#8243; title=&#8221;Tasakok, zs\u00e1kok&#8221;][vc_tab title=&#8221;Talphegeszt\u00e9ssel&#8221; tab_id=&#8221;54d8b09e-2f3b-6&#8243;][vc_images_carousel images=&#8221;600,602&#8243; img_size=&#8221;640&#215;480&#8243; autoplay=&#8221;yes&#8221; wrap=&#8221;yes&#8221;][\/vc_tab][vc_tab title=&#8221;Oldalhegeszt\u00e9ssel&#8221; tab_id=&#8221;bdb7a4a2-3dcd-8&#8243;][vc_single_image image=&#8221;609&#8243; img_size=&#8221;large&#8221; alignment=&#8221;&#8221;][\/vc_tab][vc_tab title=&#8221;Wicket gy\u0171jt\u00e9s\u0171 term\u00e9kek&#8221; tab_id=&#8221;1441318665707-2-2&#8243;][vc_single_image image=&#8221;611&#8243; img_size=&#8221;large&#8221; alignment=&#8221;&#8221;][\/vc_tab][\/vc_tour][vc_tour interval=&#8221;0&#8243; title=&#8221;Rekl\u00e1mt\u00e1sk\u00e1k&#8221;][vc_tab title=&#8221;Ingv\u00e1llas t\u00e1sk\u00e1k&#8221; tab_id=&#8221;1441318769958-0-1&#8243;][vc_single_image image=&#8221;613&#8243; img_size=&#8221;640&#215;480&#8243;][\/vc_tab][vc_tab title=&#8221;Szalag- \u00e9s pisk\u00f3taf\u00fcles t\u00e1sk\u00e1k&#8221; tab_id=&#8221;1441318770259-0-7&#8243;][vc_single_image image=&#8221;615&#8243; img_size=&#8221;large&#8221; alignment=&#8221;&#8221;][\/vc_tab][\/vc_tour][vc_tour interval=&#8221;0&#8243; title=&#8221;Rolnis term\u00e9kek&#8221;][vc_tab title=&#8221;Tasakok, zs\u00e1kok&#8221; tab_id=&#8221;1441318914171-0-0&#8243;][vc_single_image image=&#8221;618&#8243; img_size=&#8221;640&#215;480&#8243;][\/vc_tab][vc_tab title=&#8221;Ingv\u00e1llas t\u00e1sk\u00e1k&#8221; tab_id=&#8221;1441318914509-0-9&#8243;][vc_single_image image=&#8221;620&#8243; img_size=&#8221;large&#8221; alignment=&#8221;&#8221;][\/vc_tab][vc_tab title=&#8221;Beh\u00faz\u00f3 szalagos szemetes zs\u00e1kok&#8221; tab_id=&#8221;1441319059188-2-6&#8243;][vc_single_image image=&#8221;622&#8243; img_size=&#8221;large&#8221; alignment=&#8221;&#8221;][\/vc_tab][\/vc_tour][vc_tour interval=&#8221;0&#8243; title=&#8221;Sz\u00e9les hegeszt\u00e9si varrattal k\u00e9sz\u00fclt term\u00e9kek&#8221;][vc_tab title=&#8221;V\u00e1kuum tasakok&#8221; tab_id=&#8221;1714656699889-0-1&#8243;][vc_single_image image=&#8221;2063&#8243; img_size=&#8221;640&#215;480&#8243;][\/vc_tab][vc_tab title=&#8221;Cipz\u00e1ras \u00e1ll\u00f3 tasakok&#8221; tab_id=&#8221;1714656699897-0-4&#8243;][vc_single_image image=&#8221;2066&#8243; img_size=&#8221;large&#8221;][\/vc_tab][vc_tab title=&#8221;H\u00e1thegesztett tasakok&#8221; tab_id=&#8221;1714656699905-0-8&#8243;][vc_single_image image=&#8221;2068&#8243; img_size=&#8221;large&#8221;][\/vc_tab][\/vc_tour][\/vc_column][\/vc_row][vc_row][vc_column width=&#8221;1\/6&#8243;][\/vc_column][vc_column width=&#8221;1\/6&#8243;][\/vc_column][vc_column width=&#8221;1\/6&#8243;][vc_custom_heading text=&#8221;B\u0151vebben:&#8221; font_container=&#8221;tag:h3|text_align:right|line_height:3&#8243; google_fonts=&#8221;font_family:Roboto%3A100%2C100italic%2C300%2C300italic%2Cregular%2Citalic%2C500%2C500italic%2C700%2C700italic%2C900%2C900italic|font_style:400%20regular%3A400%3Anormal&#8221;][\/vc_column][vc_column width=&#8221;1\/6&#8243;][vc_single_image image=&#8221;494&#8243; img_size=&#8221;large&#8221; alignment=&#8221;&#8221; onclick=&#8221;custom_link&#8221; img_link_target=&#8221;_blank&#8221; link=&#8221;http:\/\/www.hemingstone.com\/english\/c-1.htm&#8221;][\/vc_column][vc_column width=&#8221;1\/6&#8243;][\/vc_column][vc_column width=&#8221;1\/6&#8243;][\/vc_column][\/vc_row]<\/p>\n","protected":false},"excerpt":{"rendered":"<p>[vc_row][vc_column width=&#8221;1\/2&#8243;][vc_column_text] KONFEKCION\u00c1L\u00d3 G\u00c9PEK Ezek a g\u00e9pek a f\u00f3lia t\u00edpus\u00fa term\u00e9kek hegeszt\u00e9ssel val\u00f3 konfekcion\u00e1l\u00e1s\u00e1ra szolg\u00e1lnak ipari, mez\u0151gazdas\u00e1gi, \u00e9lelmiszer-ipari \u00e9s h\u00e1ztart\u00e1si felhaszn\u00e1l\u00e1sra. .[\/vc_column_text][\/vc_column][vc_column width=&#8221;1\/2&#8243;][vc_images_carousel images=&#8221;626,628,630,632,634,636&#8243; img_size=&#8221;600&#215;400&#8243; autoplay=&#8221;yes&#8221; [&hellip;]<\/p>\n","protected":false},"author":1,"featured_media":0,"parent":0,"menu_order":3,"comment_status":"closed","ping_status":"closed","template":"","meta":[],"_links":{"self":[{"href":"https:\/\/www.deltatrade.eu\/index.php?rest_route=\/wp\/v2\/pages\/171"}],"collection":[{"href":"https:\/\/www.deltatrade.eu\/index.php?rest_route=\/wp\/v2\/pages"}],"about":[{"href":"https:\/\/www.deltatrade.eu\/index.php?rest_route=\/wp\/v2\/types\/page"}],"author":[{"embeddable":true,"href":"https:\/\/www.deltatrade.eu\/index.php?rest_route=\/wp\/v2\/users\/1"}],"replies":[{"embeddable":true,"href":"https:\/\/www.deltatrade.eu\/index.php?rest_route=%2Fwp%2Fv2%2Fcomments&post=171"}],"version-history":[{"count":22,"href":"https:\/\/www.deltatrade.eu\/index.php?rest_route=\/wp\/v2\/pages\/171\/revisions"}],"predecessor-version":[{"id":2070,"href":"https:\/\/www.deltatrade.eu\/index.php?rest_route=\/wp\/v2\/pages\/171\/revisions\/2070"}],"wp:attachment":[{"href":"https:\/\/www.deltatrade.eu\/index.php?rest_route=%2Fwp%2Fv2%2Fmedia&parent=171"}],"curies":[{"name":"wp","href":"https:\/\/api.w.org\/{rel}","templated":true}]}}