{"id":170,"date":"2015-04-14T10:44:49","date_gmt":"2015-04-14T09:44:49","guid":{"rendered":"http:\/\/www.deltatrade.eu\/WP\/?page_id=20"},"modified":"2025-03-31T11:35:06","modified_gmt":"2025-03-31T09:35:06","slug":"nyomdagepek","status":"publish","type":"page","link":"https:\/\/www.deltatrade.eu\/?page_id=170","title":{"rendered":"Nyomdag\u00e9pek"},"content":{"rendered":"<p>[vc_row][vc_column width=&#8221;1\/2&#8243;][vc_column_text]<\/p>\n<h2 style=\"text-align: left;\">NYOMDAG\u00c9PEK<\/h2>\n<p>[\/vc_column_text][\/vc_column][vc_column width=&#8221;1\/2&#8243;][vc_images_carousel images=&#8221;648,650,655&#8243; img_size=&#8221;500&#215;300&#8243; autoplay=&#8221;yes&#8221; wrap=&#8221;yes&#8221;][\/vc_column][\/vc_row][vc_row][vc_column][vc_column_text]<\/p>\n<h3>Flexo nyomdag\u00e9pek<\/h3>\n<p>[\/vc_column_text][vc_tour interval=&#8221;0&#8243;][vc_tab title=&#8221;Soros elrendez\u00e9s\u0171 in-line \u00e9s off-line&#8221; tab_id=&#8221;bf0f719f-80e2-3&#8243;][vc_images_carousel images=&#8221;665,669,663&#8243; img_size=&#8221;640&#215;480&#8243; autoplay=&#8221;yes&#8221; wrap=&#8221;yes&#8221;][vc_column_text]<\/p>\n<h5 style=\"text-align: center;\">Ezek a t\u00edpusok els\u0151sorban az egyszer\u0171bb nyomtat\u00e1si feladatokra alkalmasak. El\u0151nyei a kis befektet\u00e9si k\u00f6lts\u00e9g mellett a k\u00e9toldalas lehet\u0151s\u00e9g \u00e9s a kis helyig\u00e9ny.<\/h5>\n<h5 style=\"text-align: center;\"><a href=\"http:\/\/www.hemingstone.com\/english\/b-5.html\" target=\"_blank\"><br \/>\n<img decoding=\"async\" loading=\"lazy\" class=\"wp-image-494 size-full alignleft\" src=\"http:\/\/www.binkl.hu\/deltatrade\/wp-content\/uploads\/2015\/04\/hemingstone_logo.png\" alt=\"hemingstone_logo\" width=\"203\" height=\"110\" srcset=\"https:\/\/www.deltatrade.eu\/wp-content\/uploads\/2015\/04\/hemingstone_logo.png 203w, https:\/\/www.deltatrade.eu\/wp-content\/uploads\/2015\/04\/hemingstone_logo-50x27.png 50w, https:\/\/www.deltatrade.eu\/wp-content\/uploads\/2015\/04\/hemingstone_logo-138x75.png 138w\" sizes=\"(max-width: 203px) 100vw, 203px\" \/><\/a><a href=\"http:\/\/www.uteco.com\/eng\/flexo_stack\/\" target=\"_blank\"><img decoding=\"async\" loading=\"lazy\" class=\"size-full wp-image-502 alignleft\" src=\"http:\/\/www.binkl.hu\/deltatrade\/wp-content\/uploads\/2015\/04\/uteco_logo.png\" alt=\"uteco_logo\" width=\"203\" height=\"110\" srcset=\"https:\/\/www.deltatrade.eu\/wp-content\/uploads\/2015\/04\/uteco_logo.png 203w, https:\/\/www.deltatrade.eu\/wp-content\/uploads\/2015\/04\/uteco_logo-50x27.png 50w, https:\/\/www.deltatrade.eu\/wp-content\/uploads\/2015\/04\/uteco_logo-138x75.png 138w\" sizes=\"(max-width: 203px) 100vw, 203px\" \/><\/a><\/h5>\n<h5 style=\"text-align: center;\"><\/h5>\n<p>[\/vc_column_text][\/vc_tab][vc_tab title=&#8221;K\u00f6zponti ellennyom\u00f3-hengeres\/CI&#8221; tab_id=&#8221;1441324473641-1-9&#8243;][vc_images_carousel images=&#8221;2129,2125,2135,675,2127,2131&#8243; img_size=&#8221;500&#215;300&#8243; autoplay=&#8221;yes&#8221; wrap=&#8221;yes&#8221;][vc_column_text]<\/p>\n<h5>Legfontosabb jellemz\u0151i: kiemelked\u0151en magas\u00a0nyomtat\u00e1si pontoss\u00e1g, automatikus nyomtat\u00e1si nyom\u00e1s \u00e9s regiszter be\u00e1ll\u00edt\u00e1s, gyors \u00e1t\u00e1ll\u00e1si lehet\u0151s\u00e9g,\u00a0nagy nyomtat\u00e1si sebess\u00e9g, EB \u00e9s UV sz\u00e1r\u00edt\u00e1si lehet\u0151s\u00e9g. Hibrid megold\u00e1sok tov\u00e1bbi m\u00e9lynyom\u00f3, flexo vagy digit\u00e1lis nyom\u00f3m\u0171vek hozz\u00e1ad\u00e1s\u00e1val.<\/h5>\n<h4><\/h4>\n<p><a href=\"http:\/\/www.uteco.com\/eng\/flexo_central-drum\/\" target=\"_blank\"><img decoding=\"async\" loading=\"lazy\" class=\"alignleft size-full wp-image-502\" src=\"http:\/\/www.binkl.hu\/deltatrade\/wp-content\/uploads\/2015\/04\/uteco_logo.png\" alt=\"uteco_logo\" width=\"203\" height=\"110\" srcset=\"https:\/\/www.deltatrade.eu\/wp-content\/uploads\/2015\/04\/uteco_logo.png 203w, https:\/\/www.deltatrade.eu\/wp-content\/uploads\/2015\/04\/uteco_logo-50x27.png 50w, https:\/\/www.deltatrade.eu\/wp-content\/uploads\/2015\/04\/uteco_logo-138x75.png 138w\" sizes=\"(max-width: 203px) 100vw, 203px\" \/><\/a>[\/vc_column_text][\/vc_tab][\/vc_tour][\/vc_column][\/vc_row][vc_row][vc_column width=&#8221;1\/4&#8243;][vc_column_text]<\/p>\n<h3>M\u00e9lynyom\u00f3 g\u00e9pek<\/h3>\n<p style=\"text-align: left;\">Els\u0151 sorban nagysz\u00e9ri\u00e1s csomagol\u00f3-anyagok min\u0151s\u00e9gi nyomtat\u00e1s\u00e1ra szolg\u00e1l.<\/p>\n<p>[\/vc_column_text][vc_single_image image=&#8221;502&#8243; img_size=&#8221;large&#8221; alignment=&#8221;&#8221; onclick=&#8221;custom_link&#8221; img_link_target=&#8221;_blank&#8221; link=&#8221;http:\/\/www.uteco.com\/eng\/special-machines_rotogravure\/&#8221;][\/vc_column][vc_column width=&#8221;3\/4&#8243;][vc_images_carousel images=&#8221;687,689&#8243; img_size=&#8221;640&#215;480&#8243; autoplay=&#8221;yes&#8221; wrap=&#8221;yes&#8221;][vc_column_text]<br \/>\n[\/vc_column_text][\/vc_column][\/vc_row][vc_row][vc_column][vc_separator][\/vc_column][\/vc_row][vc_row][vc_column width=&#8221;1\/4&#8243;][vc_column_text]<\/p>\n<h3>Ofszet tekercs nyom\u00f3 g\u00e9pek<\/h3>\n<p style=\"text-align: left;\">Pap\u00edr nyomtat\u00e1sa tekercsr\u0151l tekercsre<\/p>\n<p>[\/vc_column_text][vc_single_image image=&#8221;502&#8243; img_size=&#8221;large&#8221; alignment=&#8221;&#8221; onclick=&#8221;custom_link&#8221; img_link_target=&#8221;_blank&#8221; link=&#8221;http:\/\/www.uteco.com\/eng\/special-machines_rotogravure\/&#8221;][\/vc_column][vc_column width=&#8221;3\/4&#8243;][vc_single_image image=&#8221;700&#8243; img_size=&#8221;800&#215;480&#8243;][\/vc_column][\/vc_row]<\/p>\n","protected":false},"excerpt":{"rendered":"<p>[vc_row][vc_column width=&#8221;1\/2&#8243;][vc_column_text] NYOMDAG\u00c9PEK [\/vc_column_text][\/vc_column][vc_column width=&#8221;1\/2&#8243;][vc_images_carousel images=&#8221;648,650,655&#8243; img_size=&#8221;500&#215;300&#8243; autoplay=&#8221;yes&#8221; wrap=&#8221;yes&#8221;][\/vc_column][\/vc_row][vc_row][vc_column][vc_column_text] Flexo nyomdag\u00e9pek [\/vc_column_text][vc_tour interval=&#8221;0&#8243;][vc_tab title=&#8221;Soros elrendez\u00e9s\u0171 in-line \u00e9s off-line&#8221; tab_id=&#8221;bf0f719f-80e2-3&#8243;][vc_images_carousel images=&#8221;665,669,663&#8243; img_size=&#8221;640&#215;480&#8243; autoplay=&#8221;yes&#8221; wrap=&#8221;yes&#8221;][vc_column_text] Ezek a t\u00edpusok [&hellip;]<\/p>\n","protected":false},"author":1,"featured_media":0,"parent":0,"menu_order":2,"comment_status":"closed","ping_status":"closed","template":"","meta":[],"_links":{"self":[{"href":"https:\/\/www.deltatrade.eu\/index.php?rest_route=\/wp\/v2\/pages\/170"}],"collection":[{"href":"https:\/\/www.deltatrade.eu\/index.php?rest_route=\/wp\/v2\/pages"}],"about":[{"href":"https:\/\/www.deltatrade.eu\/index.php?rest_route=\/wp\/v2\/types\/page"}],"author":[{"embeddable":true,"href":"https:\/\/www.deltatrade.eu\/index.php?rest_route=\/wp\/v2\/users\/1"}],"replies":[{"embeddable":true,"href":"https:\/\/www.deltatrade.eu\/index.php?rest_route=%2Fwp%2Fv2%2Fcomments&post=170"}],"version-history":[{"count":30,"href":"https:\/\/www.deltatrade.eu\/index.php?rest_route=\/wp\/v2\/pages\/170\/revisions"}],"predecessor-version":[{"id":2140,"href":"https:\/\/www.deltatrade.eu\/index.php?rest_route=\/wp\/v2\/pages\/170\/revisions\/2140"}],"wp:attachment":[{"href":"https:\/\/www.deltatrade.eu\/index.php?rest_route=%2Fwp%2Fv2%2Fmedia&parent=170"}],"curies":[{"name":"wp","href":"https:\/\/api.w.org\/{rel}","templated":true}]}}