{"id":169,"date":"2015-04-14T10:44:31","date_gmt":"2015-04-14T09:44:31","guid":{"rendered":"http:\/\/www.deltatrade.eu\/WP\/?page_id=18"},"modified":"2015-09-04T00:52:17","modified_gmt":"2015-09-03T22:52:17","slug":"extruderek","status":"publish","type":"page","link":"https:\/\/www.deltatrade.eu\/?page_id=169","title":{"rendered":"Extruderek"},"content":{"rendered":"<p>[vc_row full_width=&#8221;&#8221; parallax=&#8221;&#8221; parallax_image=&#8221;&#8221;][vc_column width=&#8221;1\/1&#8243;][vc_column_text css_animation=&#8221;&#8221;]<\/p>\n<h2>EXTRUDEREK<\/h2>\n<h4><strong>F\u00d3LIAF\u00daV\u00d3 BERENDEZ\u00c9SEK<\/strong>\u00a0amelyek alkalmasak egy- \u00e9s t\u00f6bbr\u00e9teg\u0171 f\u00f3lia gy\u00e1rt\u00e1s\u00e1ra PE, PP \u00e9s biol\u00f3giailag leboml\u00f3 alapanyagb\u00f3l \u00e9lelmiszeripari, mez\u0151gazdas\u00e1gi, nyomd\u00e1szati \u00e9s csomagol\u00e1si c\u00e9l\u00fa felhaszn\u00e1l\u00e1sra.<\/h4>\n<h4 style=\"text-align: left;\">A legfejlettebb technol\u00f3gi\u00e1k alkalmaz\u00e1s\u00e1val \u2013 IBC, Gravimetria, profilvastags\u00e1g szab\u00e1lyoz\u00e1s &#8211;\u00a0a berendez\u00e9sek a legk\u00e9nyesebb f\u00f3liagy\u00e1rt\u00e1si\u00a0k\u00f6vetelm\u00e9nyeknek is megfelelnek.<\/h4>\n<p>[\/vc_column_text][\/vc_column][\/vc_row][vc_row full_width=&#8221;&#8221; parallax=&#8221;&#8221; parallax_image=&#8221;&#8221;][vc_column width=&#8221;1\/2&#8243;][vc_images_carousel images=&#8221;567,569,571,573,575,577,579,581,583,585,587,589&#8243; onclick=&#8221;link_image&#8221; custom_links_target=&#8221;_self&#8221; mode=&#8221;horizontal&#8221; speed=&#8221;5000&#8243; slides_per_view=&#8221;1&#8243; autoplay=&#8221;yes&#8221; hide_pagination_control=&#8221;&#8221; hide_prev_next_buttons=&#8221;&#8221; partial_view=&#8221;&#8221; wrap=&#8221;yes&#8221; img_size=&#8221;600&#215;400&#8243;][\/vc_column][vc_column width=&#8221;1\/2&#8243;][vc_wp_text]<div style=\"width: 640px;\" class=\"wp-video\"><!--[if lt IE 9]><script>document.createElement('video');<\/script><![endif]-->\n<video class=\"wp-video-shortcode\" id=\"video-169-1\" width=\"640\" height=\"360\" preload=\"metadata\" controls=\"controls\"><source type=\"video\/mp4\" src=\"http:\/\/www.binkl.hu\/deltatrade\/wp-content\/uploads\/2015\/09\/MATA-Q-556555-1700-2014-CHINAPLAS.mp4?_=1\" \/><a href=\"http:\/\/www.binkl.hu\/deltatrade\/wp-content\/uploads\/2015\/09\/MATA-Q-556555-1700-2014-CHINAPLAS.mp4\">http:\/\/www.binkl.hu\/deltatrade\/wp-content\/uploads\/2015\/09\/MATA-Q-556555-1700-2014-CHINAPLAS.mp4<\/a><\/video><\/div>[\/vc_wp_text][\/vc_column][\/vc_row][vc_row full_width=&#8221;&#8221; parallax=&#8221;&#8221; parallax_image=&#8221;&#8221;][vc_column width=&#8221;1\/6&#8243;][vc_column_text css_animation=&#8221;&#8221;]<br \/>\n[\/vc_column_text][\/vc_column][vc_column width=&#8221;1\/6&#8243;][vc_column_text css_animation=&#8221;&#8221;]<br \/>\n[\/vc_column_text][\/vc_column][vc_column width=&#8221;1\/6&#8243;][vc_custom_heading text=&#8221;B\u0151vebben:&#8221; font_container=&#8221;tag:h3|text_align:right|line_height:3&#8243; google_fonts=&#8221;font_family:Roboto%3A100%2C100italic%2C300%2C300italic%2Cregular%2Citalic%2C500%2C500italic%2C700%2C700italic%2C900%2C900italic|font_style:400%20regular%3A400%3Anormal&#8221;][\/vc_column][vc_column width=&#8221;1\/6&#8243;][vc_single_image image=&#8221;500&#8243; alignment=&#8221;center&#8221; style=&#8221;&#8221; border_color=&#8221;grey&#8221; img_link_large=&#8221;&#8221; img_link_target=&#8221;_blank&#8221; css_animation=&#8221;&#8221; img_size=&#8221;large&#8221; link=&#8221;http:\/\/www.queens.com.tw\/flim.html&#8221;][\/vc_column][vc_column width=&#8221;1\/6&#8243;][vc_column_text css_animation=&#8221;&#8221;]<br \/>\n[\/vc_column_text][\/vc_column][vc_column width=&#8221;1\/6&#8243;][vc_column_text css_animation=&#8221;&#8221;]<br \/>\n[\/vc_column_text][\/vc_column][\/vc_row]<\/p>\n","protected":false},"excerpt":{"rendered":"<p>[vc_row full_width=&#8221;&#8221; parallax=&#8221;&#8221; parallax_image=&#8221;&#8221;][vc_column width=&#8221;1\/1&#8243;][vc_column_text css_animation=&#8221;&#8221;] EXTRUDEREK F\u00d3LIAF\u00daV\u00d3 BERENDEZ\u00c9SEK\u00a0amelyek alkalmasak egy- \u00e9s t\u00f6bbr\u00e9teg\u0171 f\u00f3lia gy\u00e1rt\u00e1s\u00e1ra PE, PP \u00e9s biol\u00f3giailag leboml\u00f3 alapanyagb\u00f3l \u00e9lelmiszeripari, mez\u0151gazdas\u00e1gi, nyomd\u00e1szati \u00e9s csomagol\u00e1si [&hellip;]<\/p>\n","protected":false},"author":1,"featured_media":0,"parent":0,"menu_order":1,"comment_status":"closed","ping_status":"closed","template":"","meta":[],"_links":{"self":[{"href":"https:\/\/www.deltatrade.eu\/index.php?rest_route=\/wp\/v2\/pages\/169"}],"collection":[{"href":"https:\/\/www.deltatrade.eu\/index.php?rest_route=\/wp\/v2\/pages"}],"about":[{"href":"https:\/\/www.deltatrade.eu\/index.php?rest_route=\/wp\/v2\/types\/page"}],"author":[{"embeddable":true,"href":"https:\/\/www.deltatrade.eu\/index.php?rest_route=\/wp\/v2\/users\/1"}],"replies":[{"embeddable":true,"href":"https:\/\/www.deltatrade.eu\/index.php?rest_route=%2Fwp%2Fv2%2Fcomments&post=169"}],"version-history":[{"count":15,"href":"https:\/\/www.deltatrade.eu\/index.php?rest_route=\/wp\/v2\/pages\/169\/revisions"}],"predecessor-version":[{"id":641,"href":"https:\/\/www.deltatrade.eu\/index.php?rest_route=\/wp\/v2\/pages\/169\/revisions\/641"}],"wp:attachment":[{"href":"https:\/\/www.deltatrade.eu\/index.php?rest_route=%2Fwp%2Fv2%2Fmedia&parent=169"}],"curies":[{"name":"wp","href":"https:\/\/api.w.org\/{rel}","templated":true}]}}