{"id":168,"date":"2015-04-14T09:58:17","date_gmt":"2015-04-14T08:58:17","guid":{"rendered":"http:\/\/www.deltatrade.eu\/WP\/?page_id=8"},"modified":"2025-04-01T11:30:14","modified_gmt":"2025-04-01T09:30:14","slug":"kezdolap-3","status":"publish","type":"page","link":"https:\/\/www.deltatrade.eu\/","title":{"rendered":""},"content":{"rendered":"<p>[vc_row][vc_column][vc_column_text]<\/p>\n<h2 style=\"text-align: center;\">\u00dcdv\u00f6z\u00f6lj\u00fck a\u00a0Delta Trade Kft. honlapj\u00e1n!<\/h2>\n<p>[\/vc_column_text][\/vc_column][\/vc_row][vc_row css=&#8221;.vc_custom_1429212709935{margin-top: 0px !important;border-top-width: 0px !important;border-bottom-width: 0px !important;padding-bottom: 0px !important;background-color: #ffffff !important;border-top-style: dotted !important;border-bottom-style: dotted !important;}&#8221;][vc_column width=&#8221;1\/2&#8243; css=&#8221;.vc_custom_1429213451903{padding-top: 15px !important;}&#8221;][vc_gallery interval=&#8221;5&#8243; images=&#8221;2129,2119,511,513,2123,2117,476&#8243; img_size=&#8221;600&#215;350&#8243; onclick=&#8221;&#8221;][\/vc_column][vc_column width=&#8221;1\/2&#8243;][vc_column_text css=&#8221;.vc_custom_1441310701404{margin-top: 0px !important;border-top-width: 0px !important;padding-top: 0px !important;padding-bottom: 20px !important;}&#8221;]<\/p>\n<h3 class=\"mystyle style5\" align=\"justify\">Magunkr\u00f3l<\/h3>\n<h5 class=\"mystyle style5\" align=\"justify\">C\u00e9g\u00fcnk 1991-ben alakult a <strong>Delta 2000 Bt.<\/strong> jogut\u00f3dak\u00e9nt, amely 1989-ben kezdte meg m\u0171k\u00f6d\u00e9s\u00e9t.<\/h5>\n<h5 class=\"mystyle style5\">Kezdetben alapanyag kereskedelemmel foglalkoztunk, majd partnereink ig\u00e9nyeihez igazodva tev\u00e9kenys\u00e9g\u00fcnket m\u0171anyag-feldolgoz\u00f3 g\u00e9pek kereskedelm\u00e9vel eg\u00e9sz\u00edtett\u00fck ki. \u00dcgyfeleink min\u00e9l jobb kiszolg\u00e1l\u00e1sa \u00e9rdek\u00e9ben, a <strong>f\u00f3lia-feldolgoz\u00e1s<\/strong> teljes ter\u00fclet\u00e9r\u0151l igyekezt\u00fcnk kapcsolatokat ki\u00e9p\u00edteni egyre t\u00f6bb g\u00e9pgy\u00e1rt\u00f3val.<\/h5>\n<h5 class=\"mystyle style5\">Tev\u00e9kenys\u00e9g\u00fcnk az aj\u00e1nlatk\u00e9r\u00e9st\u0151l a berendez\u00e9sek besz\u00e1ll\u00edt\u00e1s\u00e1ig, illetve ig\u00e9ny eset\u00e9n azok be\u00fczemel\u00e9s\u00e9ig, szervizel\u00e9s\u00e9ig tart, saj\u00e1t vagy a gy\u00e1rt\u00f3 szakembereinek seg\u00edts\u00e9g\u00e9vel.<\/h5>\n<h5 class=\"mystyle style5\">Profilunkba tartozik m\u00e9g a haszn\u00e1lt g\u00e9pekkel t\u00f6rt\u00e9n\u0151 kereskedelem is.<\/h5>\n<p>[\/vc_column_text][\/vc_column][\/vc_row][vc_row][vc_column width=&#8221;1\/6&#8243;][vc_single_image image=&#8221;494&#8243; img_size=&#8221;medium&#8221; onclick=&#8221;custom_link&#8221; img_link_target=&#8221;_blank&#8221; link=&#8221;http:\/\/www.hemingstone.com\/&#8221;][\/vc_column][vc_column width=&#8221;1\/6&#8243;][vc_single_image image=&#8221;496&#8243; img_size=&#8221;medium&#8221; alignment=&#8221;&#8221; onclick=&#8221;custom_link&#8221; img_link_target=&#8221;_blank&#8221; link=&#8221;http:\/\/www.maklaus.com\/&#8221;][\/vc_column][vc_column width=&#8221;1\/6&#8243;][vc_single_image image=&#8221;498&#8243; img_size=&#8221;medium&#8221; onclick=&#8221;custom_link&#8221; img_link_target=&#8221;_blank&#8221; link=&#8221;https:\/\/syncro-group.com\/plasmac\/&#8221;][\/vc_column][vc_column width=&#8221;1\/6&#8243;][vc_single_image image=&#8221;500&#8243; img_size=&#8221;medium&#8221; alignment=&#8221;&#8221; onclick=&#8221;custom_link&#8221; img_link_target=&#8221;_blank&#8221; link=&#8221;http:\/\/www.queens.com.tw\/&#8221;][\/vc_column][vc_column width=&#8221;1\/6&#8243;][vc_single_image image=&#8221;1210&#8243; img_size=&#8221;medium&#8221; alignment=&#8221;center&#8221; onclick=&#8221;custom_link&#8221; img_link_target=&#8221;_blank&#8221; link=&#8221;http:\/\/www.temacslitters.com\/&#8221;][\/vc_column][vc_column width=&#8221;1\/6&#8243;][vc_single_image image=&#8221;502&#8243; img_size=&#8221;medium&#8221; alignment=&#8221;&#8221; onclick=&#8221;custom_link&#8221; img_link_target=&#8221;_blank&#8221; link=&#8221;http:\/\/www.uteco.com\/&#8221;][\/vc_column][vc_column width=&#8221;1\/6&#8243;][\/vc_column][\/vc_row]<\/p>\n","protected":false},"excerpt":{"rendered":"<p>[vc_row][vc_column][vc_column_text] \u00dcdv\u00f6z\u00f6lj\u00fck a\u00a0Delta Trade Kft. honlapj\u00e1n! [\/vc_column_text][\/vc_column][\/vc_row][vc_row css=&#8221;.vc_custom_1429212709935{margin-top: 0px !important;border-top-width: 0px !important;border-bottom-width: 0px !important;padding-bottom: 0px !important;background-color: #ffffff !important;border-top-style: dotted !important;border-bottom-style: dotted !important;}&#8221;][vc_column width=&#8221;1\/2&#8243; css=&#8221;.vc_custom_1429213451903{padding-top: 15px !important;}&#8221;][vc_gallery [&hellip;]<\/p>\n","protected":false},"author":1,"featured_media":0,"parent":0,"menu_order":0,"comment_status":"closed","ping_status":"open","template":"","meta":[],"_links":{"self":[{"href":"https:\/\/www.deltatrade.eu\/index.php?rest_route=\/wp\/v2\/pages\/168"}],"collection":[{"href":"https:\/\/www.deltatrade.eu\/index.php?rest_route=\/wp\/v2\/pages"}],"about":[{"href":"https:\/\/www.deltatrade.eu\/index.php?rest_route=\/wp\/v2\/types\/page"}],"author":[{"embeddable":true,"href":"https:\/\/www.deltatrade.eu\/index.php?rest_route=\/wp\/v2\/users\/1"}],"replies":[{"embeddable":true,"href":"https:\/\/www.deltatrade.eu\/index.php?rest_route=%2Fwp%2Fv2%2Fcomments&post=168"}],"version-history":[{"count":29,"href":"https:\/\/www.deltatrade.eu\/index.php?rest_route=\/wp\/v2\/pages\/168\/revisions"}],"predecessor-version":[{"id":2147,"href":"https:\/\/www.deltatrade.eu\/index.php?rest_route=\/wp\/v2\/pages\/168\/revisions\/2147"}],"wp:attachment":[{"href":"https:\/\/www.deltatrade.eu\/index.php?rest_route=%2Fwp%2Fv2%2Fmedia&parent=168"}],"curies":[{"name":"wp","href":"https:\/\/api.w.org\/{rel}","templated":true}]}}