{"id":1404,"date":"2018-02-06T15:40:56","date_gmt":"2018-02-06T14:40:56","guid":{"rendered":"http:\/\/www.deltatrade.eu\/?page_id=1404"},"modified":"2020-10-01T14:37:03","modified_gmt":"2020-10-01T12:37:03","slug":"hasznalt-laminalo-berendezesek","status":"publish","type":"page","link":"https:\/\/www.deltatrade.eu\/?page_id=1404","title":{"rendered":"Haszn\u00e1lt lamin\u00e1l\u00f3 berendez\u00e9sek"},"content":{"rendered":"","protected":false},"excerpt":{"rendered":"","protected":false},"author":2,"featured_media":0,"parent":0,"menu_order":0,"comment_status":"closed","ping_status":"closed","template":"","meta":[],"_links":{"self":[{"href":"https:\/\/www.deltatrade.eu\/index.php?rest_route=\/wp\/v2\/pages\/1404"}],"collection":[{"href":"https:\/\/www.deltatrade.eu\/index.php?rest_route=\/wp\/v2\/pages"}],"about":[{"href":"https:\/\/www.deltatrade.eu\/index.php?rest_route=\/wp\/v2\/types\/page"}],"author":[{"embeddable":true,"href":"https:\/\/www.deltatrade.eu\/index.php?rest_route=\/wp\/v2\/users\/2"}],"replies":[{"embeddable":true,"href":"https:\/\/www.deltatrade.eu\/index.php?rest_route=%2Fwp%2Fv2%2Fcomments&post=1404"}],"version-history":[{"count":6,"href":"https:\/\/www.deltatrade.eu\/index.php?rest_route=\/wp\/v2\/pages\/1404\/revisions"}],"predecessor-version":[{"id":1671,"href":"https:\/\/www.deltatrade.eu\/index.php?rest_route=\/wp\/v2\/pages\/1404\/revisions\/1671"}],"wp:attachment":[{"href":"https:\/\/www.deltatrade.eu\/index.php?rest_route=%2Fwp%2Fv2%2Fmedia&parent=1404"}],"curies":[{"name":"wp","href":"https:\/\/api.w.org\/{rel}","templated":true}]}}