{"id":1148,"date":"2017-05-31T16:38:05","date_gmt":"2017-05-31T14:38:05","guid":{"rendered":"http:\/\/www.deltatrade.eu\/?page_id=1148"},"modified":"2017-06-01T13:16:01","modified_gmt":"2017-06-01T11:16:01","slug":"tekercsvago-gepek","status":"publish","type":"page","link":"https:\/\/www.deltatrade.eu\/?page_id=1148","title":{"rendered":"Tekercsv\u00e1g\u00f3 g\u00e9pek"},"content":{"rendered":"<p>[vc_row][vc_column][vc_column_text]<\/p>\n<h2>TEKERCSV\u00c1G\u00d3 G\u00c9PEK<\/h2>\n<p>A nagyobb sz\u00e9less\u00e9gben gy\u00e1rtott anyagok (pap\u00edr, m\u0171anyag, alum\u00ednium \u00e9s t\u00e1rs\u00edtott szerkezet\u0171 filmek) k\u00edv\u00e1nt m\u00e9retre v\u00e1g\u00e1s\u00e1ra kifejlesztett g\u00e9pek. A felhaszn\u00e1l\u00f3i ig\u00e9nyekhez igazodva a TEMAC t\u00f6bb g\u00e9pcsal\u00e1dot fejlesztett ki, amelyek lefedik a k\u00fcl\u00f6nf\u00e9le gy\u00e1rt\u00e1si feladatokat, de nyitottak speci\u00e1lis kialak\u00edt\u00e1sra is egyedi ig\u00e9ny eset\u00e9n.[\/vc_column_text][\/vc_column][\/vc_row][vc_row][vc_column width=&#8221;1\/2&#8243;][vc_images_carousel images=&#8221;1158,1169,1171&#8243; img_size=&#8221;600&#215;400&#8243; autoplay=&#8221;yes&#8221; wrap=&#8221;yes&#8221;][\/vc_column][vc_column width=&#8221;1\/2&#8243;][\/vc_column][\/vc_row][vc_row][vc_column width=&#8221;1\/6&#8243;][vc_column_text]<br \/>\n[\/vc_column_text][\/vc_column][vc_column width=&#8221;1\/6&#8243;][vc_column_text]<br \/>\n[\/vc_column_text][\/vc_column][vc_column width=&#8221;1\/6&#8243;][vc_custom_heading text=&#8221;B\u0151vebben:&#8221; font_container=&#8221;tag:h3|text_align:right|line_height:3&#8243; google_fonts=&#8221;font_family:Roboto%3A100%2C100italic%2C300%2C300italic%2Cregular%2Citalic%2C500%2C500italic%2C700%2C700italic%2C900%2C900italic|font_style:400%20regular%3A400%3Anormal&#8221;][\/vc_column][vc_column width=&#8221;1\/6&#8243;][vc_single_image image=&#8221;1135&#8243; img_size=&#8221;large&#8221; alignment=&#8221;center&#8221; onclick=&#8221;custom_link&#8221; img_link_target=&#8221;_blank&#8221; link=&#8221;http:\/\/www.TEMACSLITTERS.COM&#8221;][\/vc_column][vc_column width=&#8221;1\/6&#8243;][vc_column_text]<br \/>\n[\/vc_column_text][\/vc_column][vc_column width=&#8221;1\/6&#8243;][vc_column_text]<br \/>\n[\/vc_column_text][\/vc_column][\/vc_row]<img decoding=\"async\" loading=\"lazy\" src=\"http:\/\/www.deltatrade.eu\/wp-content\/uploads\/2015\/04\/TTS-160-300x211.jpg\" alt=\"TTS 160\" width=\"300\" height=\"211\" class=\"alignnone size-medium wp-image-1158\" srcset=\"https:\/\/www.deltatrade.eu\/wp-content\/uploads\/2015\/04\/TTS-160-300x211.jpg 300w, https:\/\/www.deltatrade.eu\/wp-content\/uploads\/2015\/04\/TTS-160-208x146.jpg 208w, https:\/\/www.deltatrade.eu\/wp-content\/uploads\/2015\/04\/TTS-160-50x35.jpg 50w, https:\/\/www.deltatrade.eu\/wp-content\/uploads\/2015\/04\/TTS-160-107x75.jpg 107w, https:\/\/www.deltatrade.eu\/wp-content\/uploads\/2015\/04\/TTS-160.jpg 505w\" sizes=\"(max-width: 300px) 100vw, 300px\" \/><\/p>\n<p><img decoding=\"async\" loading=\"lazy\" src=\"http:\/\/www.deltatrade.eu\/wp-content\/uploads\/2017\/06\/SRS-962S-300x211.jpg\" alt=\"SRS-962S\" width=\"300\" height=\"211\" class=\"alignnone size-medium wp-image-1169\" srcset=\"https:\/\/www.deltatrade.eu\/wp-content\/uploads\/2017\/06\/SRS-962S-300x211.jpg 300w, https:\/\/www.deltatrade.eu\/wp-content\/uploads\/2017\/06\/SRS-962S-208x146.jpg 208w, https:\/\/www.deltatrade.eu\/wp-content\/uploads\/2017\/06\/SRS-962S-50x35.jpg 50w, https:\/\/www.deltatrade.eu\/wp-content\/uploads\/2017\/06\/SRS-962S-107x75.jpg 107w, https:\/\/www.deltatrade.eu\/wp-content\/uploads\/2017\/06\/SRS-962S.jpg 505w\" sizes=\"(max-width: 300px) 100vw, 300px\" \/><img decoding=\"async\" loading=\"lazy\" src=\"http:\/\/www.deltatrade.eu\/wp-content\/uploads\/2017\/06\/TSW-801S-300x243.jpg\" alt=\"TSW-801S\" width=\"300\" height=\"243\" class=\"alignnone size-medium wp-image-1171\" srcset=\"https:\/\/www.deltatrade.eu\/wp-content\/uploads\/2017\/06\/TSW-801S-300x243.jpg 300w, https:\/\/www.deltatrade.eu\/wp-content\/uploads\/2017\/06\/TSW-801S-180x146.jpg 180w, https:\/\/www.deltatrade.eu\/wp-content\/uploads\/2017\/06\/TSW-801S-50x40.jpg 50w, https:\/\/www.deltatrade.eu\/wp-content\/uploads\/2017\/06\/TSW-801S-93x75.jpg 93w, https:\/\/www.deltatrade.eu\/wp-content\/uploads\/2017\/06\/TSW-801S.jpg 505w\" sizes=\"(max-width: 300px) 100vw, 300px\" \/><\/p>\n","protected":false},"excerpt":{"rendered":"<p>[vc_row][vc_column][vc_column_text] TEKERCSV\u00c1G\u00d3 G\u00c9PEK A nagyobb sz\u00e9less\u00e9gben gy\u00e1rtott anyagok (pap\u00edr, m\u0171anyag, alum\u00ednium \u00e9s t\u00e1rs\u00edtott szerkezet\u0171 filmek) k\u00edv\u00e1nt m\u00e9retre v\u00e1g\u00e1s\u00e1ra kifejlesztett g\u00e9pek. A felhaszn\u00e1l\u00f3i ig\u00e9nyekhez igazodva a TEMAC [&hellip;]<\/p>\n","protected":false},"author":2,"featured_media":0,"parent":0,"menu_order":0,"comment_status":"closed","ping_status":"closed","template":"","meta":[],"_links":{"self":[{"href":"https:\/\/www.deltatrade.eu\/index.php?rest_route=\/wp\/v2\/pages\/1148"}],"collection":[{"href":"https:\/\/www.deltatrade.eu\/index.php?rest_route=\/wp\/v2\/pages"}],"about":[{"href":"https:\/\/www.deltatrade.eu\/index.php?rest_route=\/wp\/v2\/types\/page"}],"author":[{"embeddable":true,"href":"https:\/\/www.deltatrade.eu\/index.php?rest_route=\/wp\/v2\/users\/2"}],"replies":[{"embeddable":true,"href":"https:\/\/www.deltatrade.eu\/index.php?rest_route=%2Fwp%2Fv2%2Fcomments&post=1148"}],"version-history":[{"count":3,"href":"https:\/\/www.deltatrade.eu\/index.php?rest_route=\/wp\/v2\/pages\/1148\/revisions"}],"predecessor-version":[{"id":1178,"href":"https:\/\/www.deltatrade.eu\/index.php?rest_route=\/wp\/v2\/pages\/1148\/revisions\/1178"}],"wp:attachment":[{"href":"https:\/\/www.deltatrade.eu\/index.php?rest_route=%2Fwp%2Fv2%2Fmedia&parent=1148"}],"curies":[{"name":"wp","href":"https:\/\/api.w.org\/{rel}","templated":true}]}}